{"id":32533,"date":"2025-07-08T15:26:29","date_gmt":"2025-07-08T13:26:29","guid":{"rendered":"https:\/\/www.mediclinics.com\/unkategorisiert\/manual-saniflow-2\/"},"modified":"2026-02-23T12:48:47","modified_gmt":"2026-02-23T11:48:47","slug":"saniflow-manuell-2","status":"publish","type":"product","link":"https:\/\/www.mediclinics.com\/de\/handetrockner\/hohe-nutzungsfrequenz\/saniflow-manuell-2\/","title":{"rendered":"Saniflow Manuell"},"content":{"rendered":"<p>Der manuell bedienbare Saniflow H\u00e4ndetrockner mit 360\u00b0-Drehd\u00fcse ist weltweit das meistgenutzte Modell.<br \/>\nHighlights:<\/p>\n<p>\u2022 Dieser H\u00e4ndetrockner ist besonders wartungsfreundlich, ger\u00e4uscharm und bietet ein hohes Ma\u00df an Sicherheit.<\/p>\n<p>\u2022 Der starke Luftstrom in Kombination mit einer angenehmen Temperatur reduziert die Trocknungszeit auf ein Minimum.<\/p>\n<p>\u2022 Erh\u00e4ltlich aus 1,5 mm dickem Stahl mit wei\u00dfer oder schwarzer Lackierung oder aus Edelstahl AISI 304 in gl\u00e4nzender oder seidenmatter Ausf\u00fchrung. &#8222;<\/p>\n","protected":false},"excerpt":{"rendered":"<p>Manueller H\u00e4ndetrockner Saniflow mit 360\u00b0-Drehd\u00fcse<\/p>\n","protected":false},"featured_media":27440,"comment_status":"closed","ping_status":"closed","template":"","meta":{"_acf_changed":false},"coleccion":[],"product_brand":[],"product_cat":[1196,1197],"product_tag":[1264],"class_list":{"0":"post-32533","1":"product","2":"type-product","3":"status-publish","4":"has-post-thumbnail","6":"mercado-internacional","7":"product_cat-handetrockner","8":"product_cat-hohe-nutzungsfrequenz","9":"product_tag-handlich","10":"mediclinics-boxed-content","12":"first","13":"instock","14":"product-type-variable"},"acf":[],"_links":{"self":[{"href":"https:\/\/www.mediclinics.com\/de\/wp-json\/wp\/v2\/product\/32533","targetHints":{"allow":["GET"]}}],"collection":[{"href":"https:\/\/www.mediclinics.com\/de\/wp-json\/wp\/v2\/product"}],"about":[{"href":"https:\/\/www.mediclinics.com\/de\/wp-json\/wp\/v2\/types\/product"}],"replies":[{"embeddable":true,"href":"https:\/\/www.mediclinics.com\/de\/wp-json\/wp\/v2\/comments?post=32533"}],"wp:featuredmedia":[{"embeddable":true,"href":"https:\/\/www.mediclinics.com\/de\/wp-json\/wp\/v2\/media\/27440"}],"wp:attachment":[{"href":"https:\/\/www.mediclinics.com\/de\/wp-json\/wp\/v2\/media?parent=32533"}],"wp:term":[{"taxonomy":"coleccion","embeddable":true,"href":"https:\/\/www.mediclinics.com\/de\/wp-json\/wp\/v2\/coleccion?post=32533"},{"taxonomy":"product_brand","embeddable":true,"href":"https:\/\/www.mediclinics.com\/de\/wp-json\/wp\/v2\/product_brand?post=32533"},{"taxonomy":"product_cat","embeddable":true,"href":"https:\/\/www.mediclinics.com\/de\/wp-json\/wp\/v2\/product_cat?post=32533"},{"taxonomy":"product_tag","embeddable":true,"href":"https:\/\/www.mediclinics.com\/de\/wp-json\/wp\/v2\/product_tag?post=32533"}],"curies":[{"name":"wp","href":"https:\/\/api.w.org\/{rel}","templated":true}]}}