{"id":32538,"date":"2025-07-08T15:26:29","date_gmt":"2025-07-08T13:26:29","guid":{"rendered":"https:\/\/www.mediclinics.com\/unkategorisiert\/automatic-mediflow\/"},"modified":"2026-02-23T12:49:34","modified_gmt":"2026-02-23T11:49:34","slug":"mediflow-automatik","status":"publish","type":"product","link":"https:\/\/www.mediclinics.com\/de\/handetrockner\/hohe-nutzungsfrequenz\/mediflow-automatik\/","title":{"rendered":"Mediflow Automatik"},"content":{"rendered":"<p>Die Mediflow Logic Dry H\u00e4ndetrockner mit automatischer Aktivierung zeichnen sich durch ihre Leistungsst\u00e4rke und Robustheit aus.<br \/>\nHighlights:<\/p>\n<p>\u2022 Ausgestattet mit Logic Dry-Technologie, mit der die Lufttemperatur automatisch in 4 Stufen entsprechend der Raumtemperatur reguliert wird.<\/p>\n<p>\u2022 Dadurch verl\u00e4ngert sich die Lebensdauer des Ger\u00e4ts und die Effizienz der H\u00e4ndetrocknung wird zus\u00e4tzlich verbessert.<\/p>\n<p>\u2022 Stromsparende Funktion: Diese H\u00e4ndetrockner verf\u00fcgen \u00fcber eine wichtige umweltfreundliche Energiesparfunktion.<\/p>\n","protected":false},"excerpt":{"rendered":"<p>Mediflow Logic Dry H\u00e4ndetrockner mit automatischer Aktivierung<\/p>\n","protected":false},"featured_media":27445,"comment_status":"closed","ping_status":"closed","template":"","meta":{"_acf_changed":false},"coleccion":[],"product_brand":[],"product_cat":[1196,1197],"product_tag":[1174],"class_list":{"0":"post-32538","1":"product","2":"type-product","3":"status-publish","4":"has-post-thumbnail","6":"mercado-internacional","7":"product_cat-handetrockner","8":"product_cat-hohe-nutzungsfrequenz","9":"product_tag-automatisch","10":"mediclinics-boxed-content","12":"first","13":"instock","14":"product-type-variable"},"acf":[],"_links":{"self":[{"href":"https:\/\/www.mediclinics.com\/de\/wp-json\/wp\/v2\/product\/32538","targetHints":{"allow":["GET"]}}],"collection":[{"href":"https:\/\/www.mediclinics.com\/de\/wp-json\/wp\/v2\/product"}],"about":[{"href":"https:\/\/www.mediclinics.com\/de\/wp-json\/wp\/v2\/types\/product"}],"replies":[{"embeddable":true,"href":"https:\/\/www.mediclinics.com\/de\/wp-json\/wp\/v2\/comments?post=32538"}],"wp:featuredmedia":[{"embeddable":true,"href":"https:\/\/www.mediclinics.com\/de\/wp-json\/wp\/v2\/media\/27445"}],"wp:attachment":[{"href":"https:\/\/www.mediclinics.com\/de\/wp-json\/wp\/v2\/media?parent=32538"}],"wp:term":[{"taxonomy":"coleccion","embeddable":true,"href":"https:\/\/www.mediclinics.com\/de\/wp-json\/wp\/v2\/coleccion?post=32538"},{"taxonomy":"product_brand","embeddable":true,"href":"https:\/\/www.mediclinics.com\/de\/wp-json\/wp\/v2\/product_brand?post=32538"},{"taxonomy":"product_cat","embeddable":true,"href":"https:\/\/www.mediclinics.com\/de\/wp-json\/wp\/v2\/product_cat?post=32538"},{"taxonomy":"product_tag","embeddable":true,"href":"https:\/\/www.mediclinics.com\/de\/wp-json\/wp\/v2\/product_tag?post=32538"}],"curies":[{"name":"wp","href":"https:\/\/api.w.org\/{rel}","templated":true}]}}