{"id":32553,"date":"2025-07-08T15:26:07","date_gmt":"2025-07-08T13:26:07","guid":{"rendered":"https:\/\/www.mediclinics.com\/unkategorisiert\/machflow-recessed-kit\/"},"modified":"2026-02-23T12:41:40","modified_gmt":"2026-02-23T11:41:40","slug":"wandeinbausatz-machflow","status":"publish","type":"product","link":"https:\/\/www.mediclinics.com\/de\/handetrockner\/eco-fast\/wandeinbausatz-machflow\/","title":{"rendered":"Wandeinbausatz Machflow"},"content":{"rendered":"<p>Wandeinbausatz f\u00fcr den Machflow H\u00e4ndetrockner (Trockner nicht im Lieferumfang enthalten).<\/p>\n<p>\u2022 Der Machflow Wandeinbausatz erm\u00f6glicht die ADA-konforme (USA) Installation des Machflow H\u00e4ndetrockners, indem er den horizontalen \u00dcberstand des Ger\u00e4ts in \u00f6ffentlichen Waschr\u00e4umen auf 10 cm begrenzt.<\/p>\n<p>\u2022 \u00c4usserst robust und vandalensicher.<\/p>\n<p>\u2022 Ausgezeichnete Integration und \u00c4sthetik.<\/p>\n","protected":false},"excerpt":{"rendered":"<p>Wandeinbausatz f\u00fcr den Machflow H\u00e4ndetrockner<\/p>\n<p>\u2022 Der Machflow Wandeinbausatz erm\u00f6glicht die ADA-konforme (USA) Installation des Machflow H\u00e4ndetrockners, indem er den horizontalen \u00dcberstand des Ger\u00e4ts in \u00f6ffentlichen Waschr\u00e4umen auf 10 cm begrenzt.<\/p>\n<p>\u2022 \u00c4usserst robust und vandalensicher.<\/p>\n<p>\u2022 Ausgezeichnete Integration und \u00c4sthetik.<\/p>\n","protected":false},"featured_media":27420,"comment_status":"closed","ping_status":"closed","template":"","meta":{"_acf_changed":false},"coleccion":[],"product_brand":[],"product_cat":[1195,1196,1197],"product_tag":[1248],"class_list":{"0":"post-32553","1":"product","2":"type-product","3":"status-publish","4":"has-post-thumbnail","6":"mercado-internacional","7":"product_cat-eco-fast","8":"product_cat-handetrockner","9":"product_cat-hohe-nutzungsfrequenz","10":"product_tag-einbausatz","11":"mediclinics-boxed-content","13":"first","14":"instock","15":"product-type-variable","16":"has-default-attributes"},"acf":[],"_links":{"self":[{"href":"https:\/\/www.mediclinics.com\/de\/wp-json\/wp\/v2\/product\/32553","targetHints":{"allow":["GET"]}}],"collection":[{"href":"https:\/\/www.mediclinics.com\/de\/wp-json\/wp\/v2\/product"}],"about":[{"href":"https:\/\/www.mediclinics.com\/de\/wp-json\/wp\/v2\/types\/product"}],"replies":[{"embeddable":true,"href":"https:\/\/www.mediclinics.com\/de\/wp-json\/wp\/v2\/comments?post=32553"}],"wp:featuredmedia":[{"embeddable":true,"href":"https:\/\/www.mediclinics.com\/de\/wp-json\/wp\/v2\/media\/27420"}],"wp:attachment":[{"href":"https:\/\/www.mediclinics.com\/de\/wp-json\/wp\/v2\/media?parent=32553"}],"wp:term":[{"taxonomy":"coleccion","embeddable":true,"href":"https:\/\/www.mediclinics.com\/de\/wp-json\/wp\/v2\/coleccion?post=32553"},{"taxonomy":"product_brand","embeddable":true,"href":"https:\/\/www.mediclinics.com\/de\/wp-json\/wp\/v2\/product_brand?post=32553"},{"taxonomy":"product_cat","embeddable":true,"href":"https:\/\/www.mediclinics.com\/de\/wp-json\/wp\/v2\/product_cat?post=32553"},{"taxonomy":"product_tag","embeddable":true,"href":"https:\/\/www.mediclinics.com\/de\/wp-json\/wp\/v2\/product_tag?post=32553"}],"curies":[{"name":"wp","href":"https:\/\/api.w.org\/{rel}","templated":true}]}}