{"id":32578,"date":"2025-07-08T15:25:36","date_gmt":"2025-07-08T13:25:36","guid":{"rendered":"https:\/\/www.mediclinics.com\/unkategorisiert\/dualflow-plus\/"},"modified":"2026-02-23T12:36:36","modified_gmt":"2026-02-23T11:36:36","slug":"dualflow-plus","status":"publish","type":"product","link":"https:\/\/www.mediclinics.com\/de\/handetrockner\/eco-fast\/dualflow-plus\/","title":{"rendered":"Dualflow Plus"},"content":{"rendered":"<p>Neue Generation Hands-in-H\u00e4ndetrockner: schnell, effizient und elegant im Design \u2013 ideal f\u00fcr stark frequentierte Bereiche.<br \/>\nAusstattung:<\/p>\n<p>\u2022 HEPA-Filter, der feste Partikel herausfiltert (Pollen, Staubmilben, Tabakrauch usw.) und somit die Luftqualit\u00e4t deutlich verbessert.<br \/>\n\u2022 Optional kann ein Ionisator mit \u201eIon Hygienic\u201c-Technologie integriert werden, der einen Gro\u00dfteil der in der Luft befindlichen Partikel und Keime entfernt, was f\u00fcr eine sp\u00fcrbar ges\u00fcndere und reinere Raumluft sorgt.<br \/>\n\u2022 Antimikrobieller und antibakterieller BioCote\u00ae-Schutz, der das Wachstum von Mikroorganismen w\u00e4hrend der gesamten Lebensdauer des Produkts hemmt.<\/p>\n<p>Referenzen mit optionalem Zubeh\u00f6r:<br \/>\nM14A-DES (Trockner mit Anschlussgarnitur f\u00fcr Abflussrohr)<br \/>\nM14A-I (Trockner mit Ionisator)<br \/>\nM14A-DES-I (Trockner mit Anschlussgarnitur f\u00fcr Abflussrohr und Ionisator)<\/p>\n","protected":false},"excerpt":{"rendered":"<p>Automatischer Dualflow Plus-H\u00e4ndetrockner mit ABS-Geh\u00e4use.<\/p>\n","protected":false},"featured_media":27878,"comment_status":"closed","ping_status":"closed","template":"","meta":{"_acf_changed":false},"coleccion":[819,415],"product_brand":[],"product_cat":[1195,1196,1197],"product_tag":[1174,1259],"class_list":{"0":"post-32578","1":"product","2":"type-product","3":"status-publish","4":"has-post-thumbnail","6":"coleccion-contract","7":"coleccion-elegant","8":"mercado-internacional","9":"product_cat-eco-fast","10":"product_cat-handetrockner","11":"product_cat-hohe-nutzungsfrequenz","12":"product_tag-automatisch","13":"product_tag-mit-pinseln","14":"mediclinics-boxed-content","16":"first","17":"instock","18":"product-type-variable","19":"has-default-attributes"},"acf":[],"_links":{"self":[{"href":"https:\/\/www.mediclinics.com\/de\/wp-json\/wp\/v2\/product\/32578","targetHints":{"allow":["GET"]}}],"collection":[{"href":"https:\/\/www.mediclinics.com\/de\/wp-json\/wp\/v2\/product"}],"about":[{"href":"https:\/\/www.mediclinics.com\/de\/wp-json\/wp\/v2\/types\/product"}],"replies":[{"embeddable":true,"href":"https:\/\/www.mediclinics.com\/de\/wp-json\/wp\/v2\/comments?post=32578"}],"wp:featuredmedia":[{"embeddable":true,"href":"https:\/\/www.mediclinics.com\/de\/wp-json\/wp\/v2\/media\/27878"}],"wp:attachment":[{"href":"https:\/\/www.mediclinics.com\/de\/wp-json\/wp\/v2\/media?parent=32578"}],"wp:term":[{"taxonomy":"coleccion","embeddable":true,"href":"https:\/\/www.mediclinics.com\/de\/wp-json\/wp\/v2\/coleccion?post=32578"},{"taxonomy":"product_brand","embeddable":true,"href":"https:\/\/www.mediclinics.com\/de\/wp-json\/wp\/v2\/product_brand?post=32578"},{"taxonomy":"product_cat","embeddable":true,"href":"https:\/\/www.mediclinics.com\/de\/wp-json\/wp\/v2\/product_cat?post=32578"},{"taxonomy":"product_tag","embeddable":true,"href":"https:\/\/www.mediclinics.com\/de\/wp-json\/wp\/v2\/product_tag?post=32578"}],"curies":[{"name":"wp","href":"https:\/\/api.w.org\/{rel}","templated":true}]}}