{"id":32588,"date":"2025-07-08T15:25:36","date_gmt":"2025-07-08T13:25:36","guid":{"rendered":"https:\/\/www.mediclinics.com\/unkategorisiert\/machflow-plus\/"},"modified":"2026-03-19T13:44:59","modified_gmt":"2026-03-19T12:44:59","slug":"machflow-plus","status":"publish","type":"product","link":"https:\/\/www.mediclinics.com\/de\/handetrockner\/eco-fast\/machflow-plus\/","title":{"rendered":"Machflow Plus"},"content":{"rendered":"<p>Dank seines kompakten und \u00e4u\u00dferst robusten Designs ist dieser H\u00e4ndetrockner besonders energieeffizient und nachhaltig \u2013 f\u00fcr maximale Energieeinsparung und extrem schnelles H\u00e4ndetrocknen. Ideal geeignet f\u00fcr stark frequentierte Bereiche.<\/p>\n<p>\u2022 Ausgestattet mit einem leistungsregulierbaren Motor, bei dem der Energieverbrauch (zwischen 420 und 1.500\u00a0W) geregelt werden kann und der eine maximale Luftaustrittsgeschwindigkeit von 480 km\/h erreicht, wodurch die H\u00e4nde in nur 10 bis 15 Sekunden getrocknet werden.<\/p>\n<p>\u2022 Machflow Plus verf\u00fcgt serienm\u00e4\u00dfig \u00fcber einen HEPA-Filter, der feste Partikel herausfiltert (Pollen, Staubmilben, Tabakrauch usw.) und somit die Luftqualit\u00e4t deutlich verbessert.<\/p>\n<p>\u2022 Als Erg\u00e4nzung zum HEPA-Filter kann der Machflow Plus-H\u00e4ndetrockner optional mit einem Ionisator (\u201eIon Hygienic\u201c-Technologie) ausgestattet werden, der die Luft durch die Abgabe von Anionen reinigt und die meisten Keime und Partikel aus der Luft entfernt, was f\u00fcr eine sp\u00fcrbar reinere und ges\u00fcndere Raumluft sorgt.<\/p>\n<p>\u2022 Optional kann ein Montagekit mit Plug-in-System (Code KTP009) integriert werden, das eine einfache, schnelle und sichere Montage und Demontage des H\u00e4ndetrockners erm\u00f6glicht, wodurch die Wartung wesentlich effizienter wird und gleichzeitig Kosten gesenkt werden.<\/p>\n<p>Referenzen mit optionalem Zubeh\u00f6r:<br \/>\nM09A-I, M09AB-I, M09AC-I, M09ACS-I (mit Ionisator)<\/p>\n","protected":false},"excerpt":{"rendered":"<p>Automatischer H\u00e4ndetrockner Machflow Plus ohne b\u00fcrstenlosem Motor.<\/p>\n","protected":false},"featured_media":27406,"comment_status":"closed","ping_status":"closed","template":"","meta":{"_acf_changed":false},"coleccion":[819,415],"product_brand":[],"product_cat":[1195,1196,1197],"product_tag":[1174,1259],"class_list":{"0":"post-32588","1":"product","2":"type-product","3":"status-publish","4":"has-post-thumbnail","6":"coleccion-contract","7":"coleccion-elegant","8":"mercado-internacional","9":"product_cat-eco-fast","10":"product_cat-handetrockner","11":"product_cat-hohe-nutzungsfrequenz","12":"product_tag-automatisch","13":"product_tag-mit-pinseln","14":"mediclinics-boxed-content","16":"first","17":"instock","18":"product-type-variable"},"acf":[],"_links":{"self":[{"href":"https:\/\/www.mediclinics.com\/de\/wp-json\/wp\/v2\/product\/32588","targetHints":{"allow":["GET"]}}],"collection":[{"href":"https:\/\/www.mediclinics.com\/de\/wp-json\/wp\/v2\/product"}],"about":[{"href":"https:\/\/www.mediclinics.com\/de\/wp-json\/wp\/v2\/types\/product"}],"replies":[{"embeddable":true,"href":"https:\/\/www.mediclinics.com\/de\/wp-json\/wp\/v2\/comments?post=32588"}],"wp:featuredmedia":[{"embeddable":true,"href":"https:\/\/www.mediclinics.com\/de\/wp-json\/wp\/v2\/media\/27406"}],"wp:attachment":[{"href":"https:\/\/www.mediclinics.com\/de\/wp-json\/wp\/v2\/media?parent=32588"}],"wp:term":[{"taxonomy":"coleccion","embeddable":true,"href":"https:\/\/www.mediclinics.com\/de\/wp-json\/wp\/v2\/coleccion?post=32588"},{"taxonomy":"product_brand","embeddable":true,"href":"https:\/\/www.mediclinics.com\/de\/wp-json\/wp\/v2\/product_brand?post=32588"},{"taxonomy":"product_cat","embeddable":true,"href":"https:\/\/www.mediclinics.com\/de\/wp-json\/wp\/v2\/product_cat?post=32588"},{"taxonomy":"product_tag","embeddable":true,"href":"https:\/\/www.mediclinics.com\/de\/wp-json\/wp\/v2\/product_tag?post=32588"}],"curies":[{"name":"wp","href":"https:\/\/api.w.org\/{rel}","templated":true}]}}