{"id":32598,"date":"2025-09-29T20:39:07","date_gmt":"2025-09-29T18:39:07","guid":{"rendered":"https:\/\/www.mediclinics.com\/unkategorisiert\/automatic-spray-soap-dispenser-2\/"},"modified":"2026-03-04T10:53:08","modified_gmt":"2026-03-04T09:53:08","slug":"automatischer-spruehseifenspender-2","status":"publish","type":"product","link":"https:\/\/www.mediclinics.com\/de\/seifenspender\/sonstige\/automatischer-spruehseifenspender-2\/","title":{"rendered":"Automatischer Spr\u00fchseifenspender"},"content":{"rendered":"<p>Ber\u00fchrungsloser, automatischer Desinfektionsmittel-Spr\u00fchspender aus AISI 304 Edelstahl zum Einbau hinter dem Spiegel.<\/p>\n<p>\u2022 Konzipiert f\u00fcr die Montage hinter dem Spiegel sorgt er f\u00fcr Ordnung und \u00dcbersichtlichkeit im Waschraum.<br \/>\n\u2022 Spendet Desinfektionsspray automatisch und kontaktlos, verhindert so Kreuzkontamination und sorgt f\u00fcr hygienische Sauberkeit.<br \/>\n\u2022 Einfach nachzuf\u00fcllender Kunststoffbeh\u00e4lter mit 1.000 ml Fassungsverm\u00f6gen; funktioniert mit 6 AA-Batterien oder optionalem AC\/DC-Netzteil (Ref. DJSM0039A-TRAFO).<br \/>\n\u2022 Geeignet f\u00fcr H\u00e4ndedesinfektionsspray; inklusive Schrauben und D\u00fcbel f\u00fcr die Montage an Ziegelw\u00e4nden.<br \/>\n\u2022 Es wird empfohlen, spezielle Spr\u00fchprodukte mit folgenden Eigenschaften zu verwenden:<br \/>\n&#8211; Maximaler Alkoholgehalt 85\u00a0%.<br \/>\nMaximale Dichte 0,8\u00a0kg\/dm\u00b3.<br \/>\n&#8211; Nur f\u00fcr Spr\u00fchprodukte verwenden.<\/p>\n","protected":false},"excerpt":{"rendered":"<p>Auff\u00fcllbarer automatischer Spr\u00fchseifenspender<\/p>\n","protected":false},"featured_media":27922,"comment_status":"closed","ping_status":"closed","template":"","meta":{"_acf_changed":false},"coleccion":[],"product_brand":[],"product_cat":[1200,1201],"product_tag":[],"class_list":{"0":"post-32598","1":"product","2":"type-product","3":"status-publish","4":"has-post-thumbnail","6":"mercado-internacional","7":"product_cat-seifenspender","8":"product_cat-sonstige","9":"mediclinics-boxed-content","11":"first","12":"instock","13":"product-type-simple"},"acf":[],"_links":{"self":[{"href":"https:\/\/www.mediclinics.com\/de\/wp-json\/wp\/v2\/product\/32598","targetHints":{"allow":["GET"]}}],"collection":[{"href":"https:\/\/www.mediclinics.com\/de\/wp-json\/wp\/v2\/product"}],"about":[{"href":"https:\/\/www.mediclinics.com\/de\/wp-json\/wp\/v2\/types\/product"}],"replies":[{"embeddable":true,"href":"https:\/\/www.mediclinics.com\/de\/wp-json\/wp\/v2\/comments?post=32598"}],"wp:featuredmedia":[{"embeddable":true,"href":"https:\/\/www.mediclinics.com\/de\/wp-json\/wp\/v2\/media\/27922"}],"wp:attachment":[{"href":"https:\/\/www.mediclinics.com\/de\/wp-json\/wp\/v2\/media?parent=32598"}],"wp:term":[{"taxonomy":"coleccion","embeddable":true,"href":"https:\/\/www.mediclinics.com\/de\/wp-json\/wp\/v2\/coleccion?post=32598"},{"taxonomy":"product_brand","embeddable":true,"href":"https:\/\/www.mediclinics.com\/de\/wp-json\/wp\/v2\/product_brand?post=32598"},{"taxonomy":"product_cat","embeddable":true,"href":"https:\/\/www.mediclinics.com\/de\/wp-json\/wp\/v2\/product_cat?post=32598"},{"taxonomy":"product_tag","embeddable":true,"href":"https:\/\/www.mediclinics.com\/de\/wp-json\/wp\/v2\/product_tag?post=32598"}],"curies":[{"name":"wp","href":"https:\/\/api.w.org\/{rel}","templated":true}]}}