{"id":32605,"date":"2025-09-29T20:38:50","date_gmt":"2025-09-29T18:38:50","guid":{"rendered":"https:\/\/www.mediclinics.com\/unkategorisiert\/manual-disinfectant-spray-dispenser-2\/"},"modified":"2026-03-27T12:16:03","modified_gmt":"2026-03-27T11:16:03","slug":"manueller-desinfektionsmittel-spruehspender-2","status":"publish","type":"product","link":"https:\/\/www.mediclinics.com\/de\/seifenspender\/manuell-seifenspender\/manueller-desinfektionsmittel-spruehspender-2\/","title":{"rendered":"Manueller Desinfektionsmittel-Spr\u00fchspender"},"content":{"rendered":"<p>Wandmontierter Desinfektionsmittel-Spr\u00fchspender mit manueller Bet\u00e4tigung \u00fcber einen Hebel aus Edelstahl.<\/p>\n<p>\u2022 Mit 1,5\u00a0l Fassungsverm\u00f6gen, gefertigt aus Edelstahl AISI 304, 0,8\u00a0mm stark.<br \/>\n\u2022 Gibt Handdesinfektionsspray aus.<br \/>\n\u2022 Es wird empfohlen, Spr\u00fchprodukte mit bis zu 85\u202f% Alkohol und einer maximalen Dichte von 0,8\u202fkg\/dm\u00b3 zu verwenden.<\/p>\n","protected":false},"excerpt":{"rendered":"<p>Desinfektionsmittel-Spr\u00fchspender mit 1,5\u202fl Fassungsverm\u00f6gen<\/p>\n","protected":false},"featured_media":27945,"comment_status":"closed","ping_status":"closed","template":"","meta":{"_acf_changed":false},"coleccion":[],"product_brand":[],"product_cat":[1203,1200],"product_tag":[1157],"class_list":{"0":"post-32605","1":"product","2":"type-product","3":"status-publish","4":"has-post-thumbnail","6":"mercado-internacional","7":"product_cat-manuell-seifenspender","8":"product_cat-seifenspender","9":"product_tag-1l","10":"mediclinics-boxed-content","12":"first","13":"instock","14":"product-type-variable"},"acf":[],"_links":{"self":[{"href":"https:\/\/www.mediclinics.com\/de\/wp-json\/wp\/v2\/product\/32605","targetHints":{"allow":["GET"]}}],"collection":[{"href":"https:\/\/www.mediclinics.com\/de\/wp-json\/wp\/v2\/product"}],"about":[{"href":"https:\/\/www.mediclinics.com\/de\/wp-json\/wp\/v2\/types\/product"}],"replies":[{"embeddable":true,"href":"https:\/\/www.mediclinics.com\/de\/wp-json\/wp\/v2\/comments?post=32605"}],"wp:featuredmedia":[{"embeddable":true,"href":"https:\/\/www.mediclinics.com\/de\/wp-json\/wp\/v2\/media\/27945"}],"wp:attachment":[{"href":"https:\/\/www.mediclinics.com\/de\/wp-json\/wp\/v2\/media?parent=32605"}],"wp:term":[{"taxonomy":"coleccion","embeddable":true,"href":"https:\/\/www.mediclinics.com\/de\/wp-json\/wp\/v2\/coleccion?post=32605"},{"taxonomy":"product_brand","embeddable":true,"href":"https:\/\/www.mediclinics.com\/de\/wp-json\/wp\/v2\/product_brand?post=32605"},{"taxonomy":"product_cat","embeddable":true,"href":"https:\/\/www.mediclinics.com\/de\/wp-json\/wp\/v2\/product_cat?post=32605"},{"taxonomy":"product_tag","embeddable":true,"href":"https:\/\/www.mediclinics.com\/de\/wp-json\/wp\/v2\/product_tag?post=32605"}],"curies":[{"name":"wp","href":"https:\/\/api.w.org\/{rel}","templated":true}]}}