{"id":32619,"date":"2025-09-29T20:38:41","date_gmt":"2025-09-29T18:38:41","guid":{"rendered":"https:\/\/www.mediclinics.com\/unkategorisiert\/manual-liquid-soap-dispenser-5\/"},"modified":"2026-03-04T11:23:44","modified_gmt":"2026-03-04T10:23:44","slug":"manueller-fluessigseifenspender","status":"publish","type":"product","link":"https:\/\/www.mediclinics.com\/de\/seifenspender\/manuell-seifenspender\/manueller-fluessigseifenspender\/","title":{"rendered":"Manueller Fl\u00fcssigseifenspender"},"content":{"rendered":"<p>Fl\u00fcssigseifenspender zur direkten Wandmontage mit manueller Druckknopfbet\u00e4tigung.<\/p>\n<p>\u2022 Mit 1,1\u202fl Fassungsverm\u00f6gen, gefertigt aus Thermoplast SAN (Styrol-Acrylnitril) und ABS.<br \/>\n\u2022 Kann mit Fl\u00fcssigseife oder hydroalkoholischem Gel gef\u00fcllt werden.<br \/>\n\u2022 Es wird empfohlen, Fl\u00fcssigseife oder Desinfektionsgel mit bis zu 80\u202f% Alkohol, einer Dichte von 0,9 &#8211; 1,35\u202fkg\/dm\u00b3 und einer Viskosit\u00e4t von 500 &#8211; 2.500\u202fcPs zu verwenden.<\/p>\n","protected":false},"excerpt":{"rendered":"<p>Fl\u00fcssigseifenspender mit manueller Bet\u00e4tigung per Druckknopf und einem Fassungsverm\u00f6gen von 1,1 l<\/p>\n","protected":false},"featured_media":27909,"comment_status":"closed","ping_status":"closed","template":"","meta":{"_acf_changed":false},"coleccion":[],"product_brand":[],"product_cat":[1203,1200],"product_tag":[1160],"class_list":{"0":"post-32619","1":"product","2":"type-product","3":"status-publish","4":"has-post-thumbnail","6":"mercado-internacional","7":"product_cat-manuell-seifenspender","8":"product_cat-seifenspender","9":"product_tag-1l-2","10":"mediclinics-boxed-content","12":"first","13":"instock","14":"product-type-simple"},"acf":[],"_links":{"self":[{"href":"https:\/\/www.mediclinics.com\/de\/wp-json\/wp\/v2\/product\/32619","targetHints":{"allow":["GET"]}}],"collection":[{"href":"https:\/\/www.mediclinics.com\/de\/wp-json\/wp\/v2\/product"}],"about":[{"href":"https:\/\/www.mediclinics.com\/de\/wp-json\/wp\/v2\/types\/product"}],"replies":[{"embeddable":true,"href":"https:\/\/www.mediclinics.com\/de\/wp-json\/wp\/v2\/comments?post=32619"}],"wp:featuredmedia":[{"embeddable":true,"href":"https:\/\/www.mediclinics.com\/de\/wp-json\/wp\/v2\/media\/27909"}],"wp:attachment":[{"href":"https:\/\/www.mediclinics.com\/de\/wp-json\/wp\/v2\/media?parent=32619"}],"wp:term":[{"taxonomy":"coleccion","embeddable":true,"href":"https:\/\/www.mediclinics.com\/de\/wp-json\/wp\/v2\/coleccion?post=32619"},{"taxonomy":"product_brand","embeddable":true,"href":"https:\/\/www.mediclinics.com\/de\/wp-json\/wp\/v2\/product_brand?post=32619"},{"taxonomy":"product_cat","embeddable":true,"href":"https:\/\/www.mediclinics.com\/de\/wp-json\/wp\/v2\/product_cat?post=32619"},{"taxonomy":"product_tag","embeddable":true,"href":"https:\/\/www.mediclinics.com\/de\/wp-json\/wp\/v2\/product_tag?post=32619"}],"curies":[{"name":"wp","href":"https:\/\/api.w.org\/{rel}","templated":true}]}}