{"id":32638,"date":"2025-09-29T20:38:32","date_gmt":"2025-09-29T18:38:32","guid":{"rendered":"https:\/\/www.mediclinics.com\/unkategorisiert\/manual-disinfectant-spray-dispenser\/"},"modified":"2026-03-27T10:01:32","modified_gmt":"2026-03-27T09:01:32","slug":"manueller-desinfektionsmittel-spruehspender","status":"publish","type":"product","link":"https:\/\/www.mediclinics.com\/de\/seifenspender\/manuell-seifenspender\/manueller-desinfektionsmittel-spruehspender\/","title":{"rendered":"Manueller Desinfektionsmittel-Spr\u00fchspender"},"content":{"rendered":"<p>Desinfektionsmittel-Spr\u00fchspender zur direkten Wandmontage mit manueller Druckknopfbet\u00e4tigung.<\/p>\n<p>\u2022 Mit 1,5\u00a0l Fassungsverm\u00f6gen, gefertigt aus Edelstahl AISI 304.<br \/>\n\u2022 Geeignet f\u00fcr stark frequentierte Bereiche und \u00f6ffentliche Einrichtungen.<br \/>\n\u2022 Es wird empfohlen, spezielle Spr\u00fchprodukte mit folgenden Eigenschaften zu verwenden:<br \/>\n\u2022 Maximaler Alkoholgehalt 85\u202f%, maximale Dichte 0,8\u202fkg\/dm\u00b3.<\/p>\n","protected":false},"excerpt":{"rendered":"<p>Desinfektionsmittel-Spr\u00fchspender mit 1,5\u202fl Fassungsverm\u00f6gen<\/p>\n","protected":false},"featured_media":27942,"comment_status":"closed","ping_status":"closed","template":"","meta":{"_acf_changed":false},"coleccion":[],"product_brand":[],"product_cat":[1203,1200],"product_tag":[1157],"class_list":{"0":"post-32638","1":"product","2":"type-product","3":"status-publish","4":"has-post-thumbnail","6":"mercado-internacional","7":"product_cat-manuell-seifenspender","8":"product_cat-seifenspender","9":"product_tag-1l","10":"mediclinics-boxed-content","12":"first","13":"instock","14":"product-type-variable"},"acf":[],"_links":{"self":[{"href":"https:\/\/www.mediclinics.com\/de\/wp-json\/wp\/v2\/product\/32638","targetHints":{"allow":["GET"]}}],"collection":[{"href":"https:\/\/www.mediclinics.com\/de\/wp-json\/wp\/v2\/product"}],"about":[{"href":"https:\/\/www.mediclinics.com\/de\/wp-json\/wp\/v2\/types\/product"}],"replies":[{"embeddable":true,"href":"https:\/\/www.mediclinics.com\/de\/wp-json\/wp\/v2\/comments?post=32638"}],"wp:featuredmedia":[{"embeddable":true,"href":"https:\/\/www.mediclinics.com\/de\/wp-json\/wp\/v2\/media\/27942"}],"wp:attachment":[{"href":"https:\/\/www.mediclinics.com\/de\/wp-json\/wp\/v2\/media?parent=32638"}],"wp:term":[{"taxonomy":"coleccion","embeddable":true,"href":"https:\/\/www.mediclinics.com\/de\/wp-json\/wp\/v2\/coleccion?post=32638"},{"taxonomy":"product_brand","embeddable":true,"href":"https:\/\/www.mediclinics.com\/de\/wp-json\/wp\/v2\/product_brand?post=32638"},{"taxonomy":"product_cat","embeddable":true,"href":"https:\/\/www.mediclinics.com\/de\/wp-json\/wp\/v2\/product_cat?post=32638"},{"taxonomy":"product_tag","embeddable":true,"href":"https:\/\/www.mediclinics.com\/de\/wp-json\/wp\/v2\/product_tag?post=32638"}],"curies":[{"name":"wp","href":"https:\/\/api.w.org\/{rel}","templated":true}]}}