{"id":32648,"date":"2025-09-29T20:38:25","date_gmt":"2025-09-29T18:38:25","guid":{"rendered":"https:\/\/www.mediclinics.com\/unkategorisiert\/stand-mobile-disinfection-station-2\/"},"modified":"2026-03-04T10:55:13","modified_gmt":"2026-03-04T09:55:13","slug":"staender-fuer-mobilen-desinfektionsspender-2","status":"publish","type":"product","link":"https:\/\/www.mediclinics.com\/de\/seifenspender\/sonstige\/staender-fuer-mobilen-desinfektionsspender-2\/","title":{"rendered":"St\u00e4nder f\u00fcr mobilen Desinfektionsspender"},"content":{"rendered":"<p>Fu\u00dfgestell f\u00fcr H\u00e4ndedesinfektionsspender.<\/p>\n<p>\u2022 Der \u00e4u\u00dferst robuste und langlebige St\u00e4nder ist die perfekte L\u00f6sung f\u00fcr die Handdesinfektion an Orten, an denen weder Wasser noch Seife zur Verf\u00fcgung stehen.<br \/>\n\u2022 Kompatibel mit den Mediclinics-Spendern DJ0037A &#8230;, DJF0038A &#8230;, DJS0039A\u2026, DJ0160AS, DJP0034\u2026, DJFP035\u2026 und DJSP036 &#8230;.<br \/>\n\u2022 Der Einweghandschuhspender ist direkt in den St\u00e4nder integriert und mit den meisten handels\u00fcblichen Einweghandschuh-Boxen kompatibel.<\/p>\n","protected":false},"excerpt":{"rendered":"<p>St\u00e4nder f\u00fcr mobilen Desinfektionsspender, konzipiert f\u00fcr die H\u00e4ndedesinfektionsspender von Mediclinics<\/p>\n","protected":false},"featured_media":27963,"comment_status":"closed","ping_status":"closed","template":"","meta":{"_acf_changed":false},"coleccion":[],"product_brand":[],"product_cat":[1200,1201],"product_tag":[],"class_list":{"0":"post-32648","1":"product","2":"type-product","3":"status-publish","4":"has-post-thumbnail","6":"mercado-internacional","7":"product_cat-seifenspender","8":"product_cat-sonstige","9":"mediclinics-boxed-content","11":"first","12":"instock","13":"product-type-simple"},"acf":[],"_links":{"self":[{"href":"https:\/\/www.mediclinics.com\/de\/wp-json\/wp\/v2\/product\/32648","targetHints":{"allow":["GET"]}}],"collection":[{"href":"https:\/\/www.mediclinics.com\/de\/wp-json\/wp\/v2\/product"}],"about":[{"href":"https:\/\/www.mediclinics.com\/de\/wp-json\/wp\/v2\/types\/product"}],"replies":[{"embeddable":true,"href":"https:\/\/www.mediclinics.com\/de\/wp-json\/wp\/v2\/comments?post=32648"}],"wp:featuredmedia":[{"embeddable":true,"href":"https:\/\/www.mediclinics.com\/de\/wp-json\/wp\/v2\/media\/27963"}],"wp:attachment":[{"href":"https:\/\/www.mediclinics.com\/de\/wp-json\/wp\/v2\/media?parent=32648"}],"wp:term":[{"taxonomy":"coleccion","embeddable":true,"href":"https:\/\/www.mediclinics.com\/de\/wp-json\/wp\/v2\/coleccion?post=32648"},{"taxonomy":"product_brand","embeddable":true,"href":"https:\/\/www.mediclinics.com\/de\/wp-json\/wp\/v2\/product_brand?post=32648"},{"taxonomy":"product_cat","embeddable":true,"href":"https:\/\/www.mediclinics.com\/de\/wp-json\/wp\/v2\/product_cat?post=32648"},{"taxonomy":"product_tag","embeddable":true,"href":"https:\/\/www.mediclinics.com\/de\/wp-json\/wp\/v2\/product_tag?post=32648"}],"curies":[{"name":"wp","href":"https:\/\/api.w.org\/{rel}","templated":true}]}}