{"id":32665,"date":"2025-10-15T14:33:16","date_gmt":"2025-10-15T12:33:16","guid":{"rendered":"https:\/\/www.mediclinics.com\/unkategorisiert\/toilet-paper-holder-lid-3\/"},"modified":"2026-03-03T13:23:01","modified_gmt":"2026-03-03T12:23:01","slug":"toilettenpapierhalter-mit-deckel-3","status":"publish","type":"product","link":"https:\/\/www.mediclinics.com\/de\/badaccessoires\/serie-medisteel\/toilettenpapierhalter-mit-deckel-3\/","title":{"rendered":"Toilettenpapierhalter mit Deckel"},"content":{"rendered":"<p>Einzel-Toilettenpapierhalter mit Deckel aus Edelstahl AISI 304 zur Wandmontage.<\/p>\n<p>\u2022 Leicht zu installierender Toilettenpapierhalter, anpassbar an jeden Raum.<br \/>\n\u2022 Eignet sich ideal f\u00fcr Waschr\u00e4ume in Hotels und Restaurants. Das Modell ist f\u00fcr \u00f6ffentliche und gewerbliche Einrichtungen geeignet.<br \/>\n\u2022 Verf\u00fcgt \u00fcber eine herausnehmbare, wei\u00dfe Kunststoffachse f\u00fcr einen einfachen Rollenwechsel.<br \/>\n\u2022 Inklusive Befestigungsmaterial f\u00fcr die Wandmontage.<\/p>\n","protected":false},"excerpt":{"rendered":"<p>Einzel-Toilettenpapierhalter mit Deckel aus Edelstahl AISI\u00a0304 zur Wandmontage<\/p>\n","protected":false},"featured_media":29025,"comment_status":"closed","ping_status":"closed","template":"","meta":{"_acf_changed":false},"coleccion":[],"product_brand":[],"product_cat":[1143,1150],"product_tag":[],"class_list":{"0":"post-32665","1":"product","2":"type-product","3":"status-publish","4":"has-post-thumbnail","6":"mercado-internacional","7":"product_cat-badaccessoires","8":"product_cat-serie-medisteel","9":"mediclinics-boxed-content","11":"first","12":"instock","13":"product-type-variable"},"acf":[],"_links":{"self":[{"href":"https:\/\/www.mediclinics.com\/de\/wp-json\/wp\/v2\/product\/32665","targetHints":{"allow":["GET"]}}],"collection":[{"href":"https:\/\/www.mediclinics.com\/de\/wp-json\/wp\/v2\/product"}],"about":[{"href":"https:\/\/www.mediclinics.com\/de\/wp-json\/wp\/v2\/types\/product"}],"replies":[{"embeddable":true,"href":"https:\/\/www.mediclinics.com\/de\/wp-json\/wp\/v2\/comments?post=32665"}],"wp:featuredmedia":[{"embeddable":true,"href":"https:\/\/www.mediclinics.com\/de\/wp-json\/wp\/v2\/media\/29025"}],"wp:attachment":[{"href":"https:\/\/www.mediclinics.com\/de\/wp-json\/wp\/v2\/media?parent=32665"}],"wp:term":[{"taxonomy":"coleccion","embeddable":true,"href":"https:\/\/www.mediclinics.com\/de\/wp-json\/wp\/v2\/coleccion?post=32665"},{"taxonomy":"product_brand","embeddable":true,"href":"https:\/\/www.mediclinics.com\/de\/wp-json\/wp\/v2\/product_brand?post=32665"},{"taxonomy":"product_cat","embeddable":true,"href":"https:\/\/www.mediclinics.com\/de\/wp-json\/wp\/v2\/product_cat?post=32665"},{"taxonomy":"product_tag","embeddable":true,"href":"https:\/\/www.mediclinics.com\/de\/wp-json\/wp\/v2\/product_tag?post=32665"}],"curies":[{"name":"wp","href":"https:\/\/api.w.org\/{rel}","templated":true}]}}