{"id":32673,"date":"2025-10-15T14:33:16","date_gmt":"2025-10-15T12:33:16","guid":{"rendered":"https:\/\/www.mediclinics.com\/unkategorisiert\/spare-toilet-paper-holder-2\/"},"modified":"2026-03-03T13:24:30","modified_gmt":"2026-03-03T12:24:30","slug":"wc-ersatzrollenhalter-3","status":"publish","type":"product","link":"https:\/\/www.mediclinics.com\/de\/badaccessoires\/serie-medisteel\/wc-ersatzrollenhalter-3\/","title":{"rendered":"WC-Ersatzrollenhalter"},"content":{"rendered":"<p>Ersatzrollenhalter f\u00fcr den Sanit\u00e4rbereich aus Edelstahl AISI 304 f\u00fcr die Wandmontage.<\/p>\n<p>\u2022 Klassischer und eleganter Ersatzrollenhalter, der sich ideal f\u00fcr den gewerblichen und privaten Sanit\u00e4rbereich eignet.<br \/>\n\u2022 Die ideale Wahl f\u00fcr Hotelb\u00e4der und den Einsatz in \u00f6ffentlichen und gewerblichen Einrichtungen.<br \/>\n\u2022 Ohne demontierbare Teile.<br \/>\n\u2022 Die Befestigungsschrauben sind dank der Rosette unsichtbar.<br \/>\n\u2022 Wandmontage-Kit im Lieferumfang enthalten.<\/p>\n","protected":false},"excerpt":{"rendered":"<p>Ersatzrollenhalter f\u00fcr das Badezimmer aus Edelstahl AISI 304 f\u00fcr die Wandmontage<\/p>\n","protected":false},"featured_media":29023,"comment_status":"closed","ping_status":"closed","template":"","meta":{"_acf_changed":false},"coleccion":[],"product_brand":[],"product_cat":[1143,1150],"product_tag":[],"class_list":{"0":"post-32673","1":"product","2":"type-product","3":"status-publish","4":"has-post-thumbnail","6":"mercado-internacional","7":"product_cat-badaccessoires","8":"product_cat-serie-medisteel","9":"mediclinics-boxed-content","11":"first","12":"instock","13":"product-type-variable"},"acf":[],"_links":{"self":[{"href":"https:\/\/www.mediclinics.com\/de\/wp-json\/wp\/v2\/product\/32673","targetHints":{"allow":["GET"]}}],"collection":[{"href":"https:\/\/www.mediclinics.com\/de\/wp-json\/wp\/v2\/product"}],"about":[{"href":"https:\/\/www.mediclinics.com\/de\/wp-json\/wp\/v2\/types\/product"}],"replies":[{"embeddable":true,"href":"https:\/\/www.mediclinics.com\/de\/wp-json\/wp\/v2\/comments?post=32673"}],"wp:featuredmedia":[{"embeddable":true,"href":"https:\/\/www.mediclinics.com\/de\/wp-json\/wp\/v2\/media\/29023"}],"wp:attachment":[{"href":"https:\/\/www.mediclinics.com\/de\/wp-json\/wp\/v2\/media?parent=32673"}],"wp:term":[{"taxonomy":"coleccion","embeddable":true,"href":"https:\/\/www.mediclinics.com\/de\/wp-json\/wp\/v2\/coleccion?post=32673"},{"taxonomy":"product_brand","embeddable":true,"href":"https:\/\/www.mediclinics.com\/de\/wp-json\/wp\/v2\/product_brand?post=32673"},{"taxonomy":"product_cat","embeddable":true,"href":"https:\/\/www.mediclinics.com\/de\/wp-json\/wp\/v2\/product_cat?post=32673"},{"taxonomy":"product_tag","embeddable":true,"href":"https:\/\/www.mediclinics.com\/de\/wp-json\/wp\/v2\/product_tag?post=32673"}],"curies":[{"name":"wp","href":"https:\/\/api.w.org\/{rel}","templated":true}]}}