{"id":32684,"date":"2025-10-15T14:33:08","date_gmt":"2025-10-15T12:33:08","guid":{"rendered":"https:\/\/www.mediclinics.com\/unkategorisiert\/facial-tissue-dispenser\/"},"modified":"2026-03-03T13:17:19","modified_gmt":"2026-03-03T12:17:19","slug":"kosmetiktuchspender-2","status":"publish","type":"product","link":"https:\/\/www.mediclinics.com\/de\/badaccessoires\/serie-medisteel\/kosmetiktuchspender-2\/","title":{"rendered":"Kosmetiktuchspender"},"content":{"rendered":"<p>Manueller Kosmetiktuchspender aus Edelstahl AISI 304 zur Wandmontage.<\/p>\n<p>\u2022 Geeignet f\u00fcr den privaten und gewerblichen Einsatz, wie in Hotels, Kliniken, Kinderg\u00e4rten, Seniorenheimen, Arztpraxen, usw.<br \/>\n\u2022 Mit diesem Tuchspender lassen sich Kosmetikt\u00fccher besonders einfach und komfortabel einzeln entnehmen.<br \/>\n\u2022 Fassungsverm\u00f6gen f\u00fcr ein Paket mit 100 Kosmetikt\u00fcchern (nicht im Lieferumfang enthalten).<br \/>\n\u2022 Im Lieferumfang sind D\u00fcbel und Schrauben f\u00fcr die Wandmontage enthalten.<\/p>\n","protected":false},"excerpt":{"rendered":"<p>Kosmetiktuchspender<\/p>\n","protected":false},"featured_media":29001,"comment_status":"closed","ping_status":"closed","template":"","meta":{"_acf_changed":false},"coleccion":[],"product_brand":[],"product_cat":[1143,1150],"product_tag":[],"class_list":{"0":"post-32684","1":"product","2":"type-product","3":"status-publish","4":"has-post-thumbnail","6":"mercado-internacional","7":"product_cat-badaccessoires","8":"product_cat-serie-medisteel","9":"mediclinics-boxed-content","11":"first","12":"instock","13":"product-type-variable"},"acf":[],"_links":{"self":[{"href":"https:\/\/www.mediclinics.com\/de\/wp-json\/wp\/v2\/product\/32684","targetHints":{"allow":["GET"]}}],"collection":[{"href":"https:\/\/www.mediclinics.com\/de\/wp-json\/wp\/v2\/product"}],"about":[{"href":"https:\/\/www.mediclinics.com\/de\/wp-json\/wp\/v2\/types\/product"}],"replies":[{"embeddable":true,"href":"https:\/\/www.mediclinics.com\/de\/wp-json\/wp\/v2\/comments?post=32684"}],"wp:featuredmedia":[{"embeddable":true,"href":"https:\/\/www.mediclinics.com\/de\/wp-json\/wp\/v2\/media\/29001"}],"wp:attachment":[{"href":"https:\/\/www.mediclinics.com\/de\/wp-json\/wp\/v2\/media?parent=32684"}],"wp:term":[{"taxonomy":"coleccion","embeddable":true,"href":"https:\/\/www.mediclinics.com\/de\/wp-json\/wp\/v2\/coleccion?post=32684"},{"taxonomy":"product_brand","embeddable":true,"href":"https:\/\/www.mediclinics.com\/de\/wp-json\/wp\/v2\/product_brand?post=32684"},{"taxonomy":"product_cat","embeddable":true,"href":"https:\/\/www.mediclinics.com\/de\/wp-json\/wp\/v2\/product_cat?post=32684"},{"taxonomy":"product_tag","embeddable":true,"href":"https:\/\/www.mediclinics.com\/de\/wp-json\/wp\/v2\/product_tag?post=32684"}],"curies":[{"name":"wp","href":"https:\/\/api.w.org\/{rel}","templated":true}]}}