{"id":32742,"date":"2025-10-15T14:31:52","date_gmt":"2025-10-15T12:31:52","guid":{"rendered":"https:\/\/www.mediclinics.com\/unkategorisiert\/stainless-steel-floor-mounted-water-cup-filler-915-mm-height\/"},"modified":"2026-02-03T14:44:13","modified_gmt":"2026-02-03T13:44:13","slug":"leitungsgebundener-trinkwasserspender-mit-flaschenfuellarmatur-aus-edelstahl-915-mm-hoch","status":"publish","type":"product","link":"https:\/\/www.mediclinics.com\/de\/trinkwasserbrunnen-und-spender\/leitungsgebundene-wasserspender\/leitungsgebundener-trinkwasserspender-mit-flaschenfuellarmatur-aus-edelstahl-915-mm-hoch\/","title":{"rendered":"Leitungsgebundener Trinkwasserspender mit Flaschenf\u00fcllarmatur aus Edelstahl, 915 mm hoch"},"content":{"rendered":"<p>Leitungsgebundener Trinkwasserspender mit Flaschenf\u00fcllarmatur, 915mm hoch, in seidenmattem Finish.<\/p>\n<p>\u2022 Hergestellt aus bakteriostatischem, 0,8\u00a0mm starkem Edelstahl AISI\u00a0304.<br \/>\n\u2022 F\u00fcr stark frequentierte \u00f6ffentliche Bereiche. Geeignet f\u00fcr \u00f6ffentliche und gewerbliche Einrichtungen.<br \/>\n\u2022 Einfacher Anschluss an das Trinkwassernetz mit konstanter Versorgung. Inklusive Flexschlauch f\u00fcr den Wasseranschluss.<br \/>\n\u2022 Wasserspender mit halbrunder, spritzwassersicherer Schale. Wasserspender mit Flaschenf\u00fcllarmatur aus verchromtem Messing, mit Schnellverschluss, M3\/8&#8220;-Gewinde und einstellbarem Durchfluss.<br \/>\n\u2022 Abgerundete Kanten f\u00fcr mehr Sicherheit und Hygiene. Flacher Ablauf ohne Schrauben \u2013 leicht zu reinigen und vandalensicher.<br \/>\n\u2022 Vertikaler Wasserauslass \u00d8 1\u00bc&#8220;. Inklusive Befestigungsmaterial.<\/p>\n","protected":false},"excerpt":{"rendered":"<p>Vandalensicherer, leitungsgebundener Trinkwasserspender mit Flaschenf\u00fcllarmatur zur Bodenmontage, 915 mm hoch<\/p>\n","protected":false},"featured_media":28817,"comment_status":"closed","ping_status":"closed","template":"","meta":{"_acf_changed":false},"coleccion":[],"product_brand":[],"product_cat":[1185,1183],"product_tag":[],"class_list":{"0":"post-32742","1":"product","2":"type-product","3":"status-publish","4":"has-post-thumbnail","6":"mercado-internacional","7":"product_cat-leitungsgebundene-wasserspender","8":"product_cat-trinkwasserbrunnen-und-spender","9":"mediclinics-boxed-content","11":"first","12":"instock","13":"product-type-simple"},"acf":[],"_links":{"self":[{"href":"https:\/\/www.mediclinics.com\/de\/wp-json\/wp\/v2\/product\/32742","targetHints":{"allow":["GET"]}}],"collection":[{"href":"https:\/\/www.mediclinics.com\/de\/wp-json\/wp\/v2\/product"}],"about":[{"href":"https:\/\/www.mediclinics.com\/de\/wp-json\/wp\/v2\/types\/product"}],"replies":[{"embeddable":true,"href":"https:\/\/www.mediclinics.com\/de\/wp-json\/wp\/v2\/comments?post=32742"}],"wp:featuredmedia":[{"embeddable":true,"href":"https:\/\/www.mediclinics.com\/de\/wp-json\/wp\/v2\/media\/28817"}],"wp:attachment":[{"href":"https:\/\/www.mediclinics.com\/de\/wp-json\/wp\/v2\/media?parent=32742"}],"wp:term":[{"taxonomy":"coleccion","embeddable":true,"href":"https:\/\/www.mediclinics.com\/de\/wp-json\/wp\/v2\/coleccion?post=32742"},{"taxonomy":"product_brand","embeddable":true,"href":"https:\/\/www.mediclinics.com\/de\/wp-json\/wp\/v2\/product_brand?post=32742"},{"taxonomy":"product_cat","embeddable":true,"href":"https:\/\/www.mediclinics.com\/de\/wp-json\/wp\/v2\/product_cat?post=32742"},{"taxonomy":"product_tag","embeddable":true,"href":"https:\/\/www.mediclinics.com\/de\/wp-json\/wp\/v2\/product_tag?post=32742"}],"curies":[{"name":"wp","href":"https:\/\/api.w.org\/{rel}","templated":true}]}}