{"id":32761,"date":"2025-10-15T14:32:02","date_gmt":"2025-10-15T12:32:02","guid":{"rendered":"https:\/\/www.mediclinics.com\/unkategorisiert\/accessible-bathroom-signage\/"},"modified":"2026-03-04T12:26:46","modified_gmt":"2026-03-04T11:26:46","slug":"wc-schild-fuer-barrierefreie-toiletten","status":"publish","type":"product","link":"https:\/\/www.mediclinics.com\/de\/beschilderung\/wc-schild-fuer-barrierefreie-toiletten\/","title":{"rendered":"WC-Schild f\u00fcr barrierefreie Toiletten"},"content":{"rendered":"<p>Beschilderung zur visuellen Kennzeichnung von Innenbereichen, mit seidenmattem Finish.<\/p>\n<p>\u2022 Aus Edelstahl AISI\u00a0304 (0,5\u00a0mm) mit schwarzem Aufdruck.<br \/>\n\u2022 Zur visuellen Darstellung von Symbolen, die eine intuitive Identifizierung eines Ortes erm\u00f6glichen.<br \/>\n\u2022 Dank ihres eleganten Erscheinungsbildes eignen sie sich perfekt f\u00fcr die Innenbeschilderung \u00f6ffentlicher R\u00e4ume, ohne die \u00c4sthetik zu beeintr\u00e4chtigen.<br \/>\n\u2022 Sie haften mittels doppelseitigem Klebeband auf der Oberfl\u00e4che.<br \/>\n\u2022 Vandalensicher und leicht zu reinigen.<\/p>\n","protected":false},"excerpt":{"rendered":"<p>Selbstklebendes Schild zur Kennzeichnung von barrierefreien Toiletten, aus Edelstahl AISI 304 mit seidenmattem Finish und schwarzem Aufdruck.<\/p>\n","protected":false},"featured_media":28793,"comment_status":"closed","ping_status":"closed","template":"","meta":{"_acf_changed":false},"coleccion":[],"product_brand":[],"product_cat":[1191],"product_tag":[],"class_list":{"0":"post-32761","1":"product","2":"type-product","3":"status-publish","4":"has-post-thumbnail","6":"mercado-internacional","7":"product_cat-beschilderung","8":"mediclinics-boxed-content","10":"first","11":"instock","12":"product-type-simple"},"acf":[],"_links":{"self":[{"href":"https:\/\/www.mediclinics.com\/de\/wp-json\/wp\/v2\/product\/32761","targetHints":{"allow":["GET"]}}],"collection":[{"href":"https:\/\/www.mediclinics.com\/de\/wp-json\/wp\/v2\/product"}],"about":[{"href":"https:\/\/www.mediclinics.com\/de\/wp-json\/wp\/v2\/types\/product"}],"replies":[{"embeddable":true,"href":"https:\/\/www.mediclinics.com\/de\/wp-json\/wp\/v2\/comments?post=32761"}],"wp:featuredmedia":[{"embeddable":true,"href":"https:\/\/www.mediclinics.com\/de\/wp-json\/wp\/v2\/media\/28793"}],"wp:attachment":[{"href":"https:\/\/www.mediclinics.com\/de\/wp-json\/wp\/v2\/media?parent=32761"}],"wp:term":[{"taxonomy":"coleccion","embeddable":true,"href":"https:\/\/www.mediclinics.com\/de\/wp-json\/wp\/v2\/coleccion?post=32761"},{"taxonomy":"product_brand","embeddable":true,"href":"https:\/\/www.mediclinics.com\/de\/wp-json\/wp\/v2\/product_brand?post=32761"},{"taxonomy":"product_cat","embeddable":true,"href":"https:\/\/www.mediclinics.com\/de\/wp-json\/wp\/v2\/product_cat?post=32761"},{"taxonomy":"product_tag","embeddable":true,"href":"https:\/\/www.mediclinics.com\/de\/wp-json\/wp\/v2\/product_tag?post=32761"}],"curies":[{"name":"wp","href":"https:\/\/api.w.org\/{rel}","templated":true}]}}