{"id":32762,"date":"2025-10-15T14:31:02","date_gmt":"2025-10-15T12:31:02","guid":{"rendered":"https:\/\/www.mediclinics.com\/unkategorisiert\/combined-unit-hand-dryer-paper-towel-dispenser-waste-bin-recessed-wall-mounting\/"},"modified":"2026-03-02T10:29:31","modified_gmt":"2026-03-02T09:29:31","slug":"mehrzweckeinheit-bestehend-aus-haendetrockner-papierhandtuchspender-und-abfallbehaelter-zur-wandmontage-2","status":"publish","type":"product","link":"https:\/\/www.mediclinics.com\/de\/mehrzweckeinheiten\/unterputzmontage\/mehrzweckeinheit-bestehend-aus-haendetrockner-papierhandtuchspender-und-abfallbehaelter-zur-wandmontage-2\/","title":{"rendered":"Mehrzweckeinheit bestehend aus H\u00e4ndetrockner, Papierhandtuchspender und Abfallbeh\u00e4lter zur Wandmontage"},"content":{"rendered":"<p>Mehrzweckeinheit mit minimalistischem und zeitgem\u00e4\u00dfem Design f\u00fcr den direkten Wandeinbau.<\/p>\n<p>\u2022 Vollst\u00e4ndig aus Edelstahl AISI\u00a0304<br \/>\n\u2022 Einheit bestehend aus einem automatischem JuniorPlus H\u00e4ndetrockner, einem Handtuchspender und einem integrierten Abfallbeh\u00e4lter.<br \/>\n\u2022 Mehrzweckeinheit mit nur 185 mm Tiefe \u2013 ideal f\u00fcr begrenzte Platzverh\u00e4ltnisse.<br \/>\n\u2022 Inklusive zwei Schl\u00f6ssern, die mit dem mitgelieferten Spezialschl\u00fcssel ge\u00f6ffnet werden.<\/p>\n","protected":false},"excerpt":{"rendered":"<p>Mehrzweckeinheit bestehend aus einem JunioPlus H\u00e4ndetrockner, einem manuellen Papierhandtuchspender und einem Abfallbeh\u00e4lter<\/p>\n","protected":false},"featured_media":28779,"comment_status":"closed","ping_status":"closed","template":"","meta":{"_acf_changed":false},"coleccion":[],"product_brand":[],"product_cat":[1151,1152],"product_tag":[],"class_list":{"0":"post-32762","1":"product","2":"type-product","3":"status-publish","4":"has-post-thumbnail","6":"mercado-internacional","7":"product_cat-mehrzweckeinheiten","8":"product_cat-unterputzmontage","9":"mediclinics-boxed-content","11":"first","12":"instock","13":"product-type-simple"},"acf":[],"_links":{"self":[{"href":"https:\/\/www.mediclinics.com\/de\/wp-json\/wp\/v2\/product\/32762","targetHints":{"allow":["GET"]}}],"collection":[{"href":"https:\/\/www.mediclinics.com\/de\/wp-json\/wp\/v2\/product"}],"about":[{"href":"https:\/\/www.mediclinics.com\/de\/wp-json\/wp\/v2\/types\/product"}],"replies":[{"embeddable":true,"href":"https:\/\/www.mediclinics.com\/de\/wp-json\/wp\/v2\/comments?post=32762"}],"wp:featuredmedia":[{"embeddable":true,"href":"https:\/\/www.mediclinics.com\/de\/wp-json\/wp\/v2\/media\/28779"}],"wp:attachment":[{"href":"https:\/\/www.mediclinics.com\/de\/wp-json\/wp\/v2\/media?parent=32762"}],"wp:term":[{"taxonomy":"coleccion","embeddable":true,"href":"https:\/\/www.mediclinics.com\/de\/wp-json\/wp\/v2\/coleccion?post=32762"},{"taxonomy":"product_brand","embeddable":true,"href":"https:\/\/www.mediclinics.com\/de\/wp-json\/wp\/v2\/product_brand?post=32762"},{"taxonomy":"product_cat","embeddable":true,"href":"https:\/\/www.mediclinics.com\/de\/wp-json\/wp\/v2\/product_cat?post=32762"},{"taxonomy":"product_tag","embeddable":true,"href":"https:\/\/www.mediclinics.com\/de\/wp-json\/wp\/v2\/product_tag?post=32762"}],"curies":[{"name":"wp","href":"https:\/\/api.w.org\/{rel}","templated":true}]}}