{"id":32763,"date":"2025-10-15T14:31:02","date_gmt":"2025-10-15T12:31:02","guid":{"rendered":"https:\/\/www.mediclinics.com\/unkategorisiert\/combined-unit-hand-dryer-paper-towel-dispenser-waste-bin-recessed-wall-installation\/"},"modified":"2026-03-02T10:27:32","modified_gmt":"2026-03-02T09:27:32","slug":"mehrzweckeinheit-bestehend-aus-haendetrockner-papierhandtuchspender-und-abfallbehaelter-zur-wandmontage","status":"publish","type":"product","link":"https:\/\/www.mediclinics.com\/de\/mehrzweckeinheiten\/unterputzmontage\/mehrzweckeinheit-bestehend-aus-haendetrockner-papierhandtuchspender-und-abfallbehaelter-zur-wandmontage\/","title":{"rendered":"Mehrzweckeinheit bestehend aus H\u00e4ndetrockner, Papierhandtuchspender und Abfallbeh\u00e4lter zur Wandmontage"},"content":{"rendered":"<p>Mehrzweckeinheit bestehend aus einem leistungsstarken Saniflow H\u00e4ndetrockner zur Wandmontage.<\/p>\n<p>\u2022 Ausgestattet mit: Automatischem Saniflow H\u00e4ndetrockner, Papierhandtuchspender und 35,5\u202fl Abfallbeh\u00e4lter.<br \/>\n\u2022 Konstruktion aus AISI 304 Edelstahl (0,8 &#8211; 1,2 mm dick).<br \/>\n\u2022 Dreiteilige T\u00fcr mit Klavierband-Scharnier und abschlie\u00dfbarem Schloss.<br \/>\n\u2022 Spender geeignet f\u00fcr Papierhandt\u00fccher mit C- und Z-Falz, sowie einer Abdeckung, die ein Zerrei\u00dfen des Papiers verhindert.<\/p>\n","protected":false},"excerpt":{"rendered":"<p>Mehrzweckeinheit bestehend aus einem Saniflow H\u00e4ndetrockner, einem manuellen Papierhandtuchspender und einem Abfallbeh\u00e4lter<\/p>\n","protected":false},"featured_media":28778,"comment_status":"closed","ping_status":"closed","template":"","meta":{"_acf_changed":false},"coleccion":[],"product_brand":[],"product_cat":[1151,1152],"product_tag":[],"class_list":{"0":"post-32763","1":"product","2":"type-product","3":"status-publish","4":"has-post-thumbnail","6":"mercado-internacional","7":"product_cat-mehrzweckeinheiten","8":"product_cat-unterputzmontage","9":"mediclinics-boxed-content","11":"first","12":"instock","13":"product-type-simple"},"acf":[],"_links":{"self":[{"href":"https:\/\/www.mediclinics.com\/de\/wp-json\/wp\/v2\/product\/32763","targetHints":{"allow":["GET"]}}],"collection":[{"href":"https:\/\/www.mediclinics.com\/de\/wp-json\/wp\/v2\/product"}],"about":[{"href":"https:\/\/www.mediclinics.com\/de\/wp-json\/wp\/v2\/types\/product"}],"replies":[{"embeddable":true,"href":"https:\/\/www.mediclinics.com\/de\/wp-json\/wp\/v2\/comments?post=32763"}],"wp:featuredmedia":[{"embeddable":true,"href":"https:\/\/www.mediclinics.com\/de\/wp-json\/wp\/v2\/media\/28778"}],"wp:attachment":[{"href":"https:\/\/www.mediclinics.com\/de\/wp-json\/wp\/v2\/media?parent=32763"}],"wp:term":[{"taxonomy":"coleccion","embeddable":true,"href":"https:\/\/www.mediclinics.com\/de\/wp-json\/wp\/v2\/coleccion?post=32763"},{"taxonomy":"product_brand","embeddable":true,"href":"https:\/\/www.mediclinics.com\/de\/wp-json\/wp\/v2\/product_brand?post=32763"},{"taxonomy":"product_cat","embeddable":true,"href":"https:\/\/www.mediclinics.com\/de\/wp-json\/wp\/v2\/product_cat?post=32763"},{"taxonomy":"product_tag","embeddable":true,"href":"https:\/\/www.mediclinics.com\/de\/wp-json\/wp\/v2\/product_tag?post=32763"}],"curies":[{"name":"wp","href":"https:\/\/api.w.org\/{rel}","templated":true}]}}