{"id":32787,"date":"2025-10-15T14:31:52","date_gmt":"2025-10-15T12:31:52","guid":{"rendered":"https:\/\/www.mediclinics.com\/unkategorisiert\/stainless-steel-floor-mounted-water-fountain-800-mm-height\/"},"modified":"2026-02-03T14:44:11","modified_gmt":"2026-02-03T13:44:11","slug":"leitungsgebundene-bodenstehende-wasserspender-aus-edelstahl-mit-800mm-hoehe","status":"publish","type":"product","link":"https:\/\/www.mediclinics.com\/de\/trinkwasserbrunnen-und-spender\/leitungsgebundene-wasserspender\/leitungsgebundene-bodenstehende-wasserspender-aus-edelstahl-mit-800mm-hoehe\/","title":{"rendered":"Leitungsgebundene, bodenstehende Wasserspender aus Edelstahl mit 800mm H\u00f6he"},"content":{"rendered":"<p>Leitungsgebundener Trinkwasserbrunnen mit 800mm H\u00f6he, in seidenmattem Finish.<\/p>\n<p>\u2022 Aus 0,8 mm dickem, bakteriostatischem, korrosionsbest\u00e4ndigem und vandalensicherem Edelstahl AISI 304.<br \/>\n\u2022 F\u00fcr stark frequentierte \u00f6ffentliche Bereiche, wie Schulen, Flugh\u00e4fen und Einkaufszentren.<br \/>\n\u2022 Einfacher Anschluss an das Trinkwassernetz, konstante Versorgung bei Raumtemperatur.<br \/>\n\u2022 Wasserspender mit halbrunder Schale sowie abgerundeten Kanten f\u00fcr mehr Sicherheit, maximale Hygiene und einfache Reinigung.<br \/>\n\u2022 Trinkwasserhahn aus verchromtem Messing, korrosionsbest\u00e4ndig, mit Schnellverschluss, einstellbarem Durchfluss und M3\/8&#8220;-Gewinde.<br \/>\n\u2022 Inklusive vertikalem Wasserauslass \u00d8 1\u00bc&#8220;, Flexschlauch und Befestigungsmaterial.<\/p>\n","protected":false},"excerpt":{"rendered":"<p>Vandalensicherer, leitungsgebundener Trinkwasserbrunnen mit 800 mm H\u00f6he, zur Bodenmontage<\/p>\n","protected":false},"featured_media":28821,"comment_status":"closed","ping_status":"closed","template":"","meta":{"_acf_changed":false},"coleccion":[],"product_brand":[],"product_cat":[1185,1183],"product_tag":[],"class_list":{"0":"post-32787","1":"product","2":"type-product","3":"status-publish","4":"has-post-thumbnail","6":"mercado-internacional","7":"product_cat-leitungsgebundene-wasserspender","8":"product_cat-trinkwasserbrunnen-und-spender","9":"mediclinics-boxed-content","11":"first","12":"instock","13":"product-type-simple"},"acf":[],"_links":{"self":[{"href":"https:\/\/www.mediclinics.com\/de\/wp-json\/wp\/v2\/product\/32787","targetHints":{"allow":["GET"]}}],"collection":[{"href":"https:\/\/www.mediclinics.com\/de\/wp-json\/wp\/v2\/product"}],"about":[{"href":"https:\/\/www.mediclinics.com\/de\/wp-json\/wp\/v2\/types\/product"}],"replies":[{"embeddable":true,"href":"https:\/\/www.mediclinics.com\/de\/wp-json\/wp\/v2\/comments?post=32787"}],"wp:featuredmedia":[{"embeddable":true,"href":"https:\/\/www.mediclinics.com\/de\/wp-json\/wp\/v2\/media\/28821"}],"wp:attachment":[{"href":"https:\/\/www.mediclinics.com\/de\/wp-json\/wp\/v2\/media?parent=32787"}],"wp:term":[{"taxonomy":"coleccion","embeddable":true,"href":"https:\/\/www.mediclinics.com\/de\/wp-json\/wp\/v2\/coleccion?post=32787"},{"taxonomy":"product_brand","embeddable":true,"href":"https:\/\/www.mediclinics.com\/de\/wp-json\/wp\/v2\/product_brand?post=32787"},{"taxonomy":"product_cat","embeddable":true,"href":"https:\/\/www.mediclinics.com\/de\/wp-json\/wp\/v2\/product_cat?post=32787"},{"taxonomy":"product_tag","embeddable":true,"href":"https:\/\/www.mediclinics.com\/de\/wp-json\/wp\/v2\/product_tag?post=32787"}],"curies":[{"name":"wp","href":"https:\/\/api.w.org\/{rel}","templated":true}]}}