{"id":32788,"date":"2025-10-15T14:36:12","date_gmt":"2025-10-15T12:36:12","guid":{"rendered":"https:\/\/www.mediclinics.com\/unkategorisiert\/automatic-hand-dryer-for-behind-the-mirror\/"},"modified":"2026-04-07T16:57:39","modified_gmt":"2026-04-07T14:57:39","slug":"automatischer-haendetrockner-fuer-die-montage-hinter-dem-spiegel","status":"publish","type":"product","link":"https:\/\/www.mediclinics.com\/de\/hinterspiegel-einbaulosungen\/module\/automatischer-haendetrockner-fuer-die-montage-hinter-dem-spiegel\/","title":{"rendered":"Automatischer H\u00e4ndetrockner f\u00fcr die Montage hinter dem Spiegel"},"content":{"rendered":"<p>Automatischer H\u00e4ndetrockner Speedflow Plus mit Geh\u00e4use aus wei\u00df lackiertem Stahl zur Montage hinter dem Spiegel.<\/p>\n<p>\u2022 Modernes und ultraflaches Design, das die ADA-Richtlinien (\u201eAmericans with Disabilities Act\u201c) f\u00fcr die Barrierefreiheit in \u00f6ffentlichen Waschr\u00e4umen erf\u00fcllt.<br \/>\n\u2022 Verf\u00fcgt serienm\u00e4\u00dfig \u00fcber einen HEPA-Filter, der feste Schwebstoffe herausfiltert<br \/>\n\u2022 Optional kann ein Ionisator (\u201eIon Hygenic\u201c) zur Luftreinigung integriert werden<br \/>\n\u2022 Dieser H\u00e4ndetrockner \u00fcberzeugt durch seine hohe Energieeffizienz und einen besonders niedrigen Stromverbrauch.<br \/>\n\u2022 Trocknet die H\u00e4nde in nur 12 Sekunden.<\/p>\n","protected":false},"excerpt":{"rendered":"<p>Automatischer Speedflow Plus-H\u00e4ndetrockner zur Montage hinter dem Spiegel.<\/p>\n","protected":false},"featured_media":33119,"comment_status":"closed","ping_status":"closed","template":"","meta":{"_acf_changed":false},"coleccion":[],"product_brand":[],"product_cat":[1187,1188],"product_tag":[1250],"class_list":{"0":"post-32788","1":"product","2":"type-product","3":"status-publish","4":"has-post-thumbnail","6":"product_cat-hinterspiegel-einbaulosungen","7":"product_cat-module","8":"product_tag-ohne-unterstutzung","9":"mediclinics-boxed-content","11":"first","12":"instock","13":"product-type-simple"},"acf":[],"_links":{"self":[{"href":"https:\/\/www.mediclinics.com\/de\/wp-json\/wp\/v2\/product\/32788","targetHints":{"allow":["GET"]}}],"collection":[{"href":"https:\/\/www.mediclinics.com\/de\/wp-json\/wp\/v2\/product"}],"about":[{"href":"https:\/\/www.mediclinics.com\/de\/wp-json\/wp\/v2\/types\/product"}],"replies":[{"embeddable":true,"href":"https:\/\/www.mediclinics.com\/de\/wp-json\/wp\/v2\/comments?post=32788"}],"wp:featuredmedia":[{"embeddable":true,"href":"https:\/\/www.mediclinics.com\/de\/wp-json\/wp\/v2\/media\/33119"}],"wp:attachment":[{"href":"https:\/\/www.mediclinics.com\/de\/wp-json\/wp\/v2\/media?parent=32788"}],"wp:term":[{"taxonomy":"coleccion","embeddable":true,"href":"https:\/\/www.mediclinics.com\/de\/wp-json\/wp\/v2\/coleccion?post=32788"},{"taxonomy":"product_brand","embeddable":true,"href":"https:\/\/www.mediclinics.com\/de\/wp-json\/wp\/v2\/product_brand?post=32788"},{"taxonomy":"product_cat","embeddable":true,"href":"https:\/\/www.mediclinics.com\/de\/wp-json\/wp\/v2\/product_cat?post=32788"},{"taxonomy":"product_tag","embeddable":true,"href":"https:\/\/www.mediclinics.com\/de\/wp-json\/wp\/v2\/product_tag?post=32788"}],"curies":[{"name":"wp","href":"https:\/\/api.w.org\/{rel}","templated":true}]}}