{"id":32791,"date":"2025-10-15T14:30:41","date_gmt":"2025-10-15T12:30:41","guid":{"rendered":"https:\/\/www.mediclinics.com\/unkategorisiert\/12l-open-waste-bin-epoxy-coated-steel\/"},"modified":"2026-04-08T14:28:14","modified_gmt":"2026-04-08T12:28:14","slug":"offener-abfallbehaelter-aus-epoxidbeschichtetem-stahl-12-l","status":"publish","type":"product","link":"https:\/\/www.mediclinics.com\/de\/abfalleimer-und-andere-behalter\/abfallbehalter\/offener-abfallbehaelter-aus-epoxidbeschichtetem-stahl-12-l\/","title":{"rendered":"Offener Abfallbeh\u00e4lter aus epoxidbeschichtetem Stahl, 12 l"},"content":{"rendered":"<p>Abfallbeh\u00e4lter aus Edelstahl AISI 304, mit Kunststoffring zur Fixierung des M\u00fcllbeutels.<\/p>\n<p>\u2022 Modernes und innovatives Design, das f\u00fcr eine lange Lebensdauer und Vandalensicherheit konzipiert ist.<br \/>\n\u2022 Vollst\u00e4ndig verschwei\u00dft, mit durchgehenden Ecken und frei von Graten und scharfen Stellen.<br \/>\n\u2022 Geeignet f\u00fcr Innenr\u00e4ume mit mittelhohem Publikumsverkehr. Das Modell ist f\u00fcr \u00f6ffentliche und gewerbliche Einrichtungen geeignet.<br \/>\n\u2022 Der Beh\u00e4lter kann auf dem Boden stehen oder mit 4 Schrauben und D\u00fcbeln an der Wand befestigt werden. Befestigungsmaterial nicht im Lieferumfang enthalten.<\/p>\n","protected":false},"excerpt":{"rendered":"<p>Offener Abfalleimer f\u00fcr Innenbereiche, 12\u202fl<\/p>\n","protected":false},"featured_media":28730,"comment_status":"closed","ping_status":"closed","template":"","meta":{"_acf_changed":false},"coleccion":[],"product_brand":[],"product_cat":[1240,1238],"product_tag":[1161],"class_list":{"0":"post-32791","1":"product","2":"type-product","3":"status-publish","4":"has-post-thumbnail","6":"mercado-internacional","7":"product_cat-abfallbehalter","8":"product_cat-abfalleimer-und-andere-behalter","9":"product_tag-12-18l","10":"mediclinics-boxed-content","12":"first","13":"instock","14":"product-type-variable"},"acf":[],"_links":{"self":[{"href":"https:\/\/www.mediclinics.com\/de\/wp-json\/wp\/v2\/product\/32791","targetHints":{"allow":["GET"]}}],"collection":[{"href":"https:\/\/www.mediclinics.com\/de\/wp-json\/wp\/v2\/product"}],"about":[{"href":"https:\/\/www.mediclinics.com\/de\/wp-json\/wp\/v2\/types\/product"}],"replies":[{"embeddable":true,"href":"https:\/\/www.mediclinics.com\/de\/wp-json\/wp\/v2\/comments?post=32791"}],"wp:featuredmedia":[{"embeddable":true,"href":"https:\/\/www.mediclinics.com\/de\/wp-json\/wp\/v2\/media\/28730"}],"wp:attachment":[{"href":"https:\/\/www.mediclinics.com\/de\/wp-json\/wp\/v2\/media?parent=32791"}],"wp:term":[{"taxonomy":"coleccion","embeddable":true,"href":"https:\/\/www.mediclinics.com\/de\/wp-json\/wp\/v2\/coleccion?post=32791"},{"taxonomy":"product_brand","embeddable":true,"href":"https:\/\/www.mediclinics.com\/de\/wp-json\/wp\/v2\/product_brand?post=32791"},{"taxonomy":"product_cat","embeddable":true,"href":"https:\/\/www.mediclinics.com\/de\/wp-json\/wp\/v2\/product_cat?post=32791"},{"taxonomy":"product_tag","embeddable":true,"href":"https:\/\/www.mediclinics.com\/de\/wp-json\/wp\/v2\/product_tag?post=32791"}],"curies":[{"name":"wp","href":"https:\/\/api.w.org\/{rel}","templated":true}]}}