{"id":32808,"date":"2025-10-15T14:30:52","date_gmt":"2025-10-15T12:30:52","guid":{"rendered":"https:\/\/www.mediclinics.com\/unkategorisiert\/3l-circular-pedal-bin\/"},"modified":"2026-03-04T11:51:10","modified_gmt":"2026-03-04T10:51:10","slug":"runder-tretabfalleimer-3-l","status":"publish","type":"product","link":"https:\/\/www.mediclinics.com\/de\/abfalleimer-und-andere-behalter\/abfalleimer-mit-fuspedal\/runder-tretabfalleimer-3-l\/","title":{"rendered":"Runder Tretabfalleimer, 3\u202fl"},"content":{"rendered":"<p>Runde Abfalleimer f\u00fcr den Innenbereich mit 3\u202fl Fassungsverm\u00f6gen zur direkten Bodenaufstellung.<\/p>\n<p>\u2022 Hergestellt aus Stahl und mit Fu\u00dfbet\u00e4tigung.<br \/>\n\u2022 Geruchsdichter Verschluss.<br \/>\n\u2022 Leichtg\u00e4ngiger Pedalbetrieb.<br \/>\n\u2022 Ausgestattet mit einem praktischen Tragegriff auf der R\u00fcckseite f\u00fcr ein einfaches Umstellen.<br \/>\n\u2022 Herausnehmbarer Inneneimer aus Kunststoff.<\/p>\n","protected":false},"excerpt":{"rendered":"<p>Runder Abfalleimer f\u00fcr den Innenbereich mit Fu\u00dfbet\u00e4tigung<\/p>\n","protected":false},"featured_media":28706,"comment_status":"closed","ping_status":"closed","template":"","meta":{"_acf_changed":false},"coleccion":[],"product_brand":[],"product_cat":[1239,1238],"product_tag":[1175],"class_list":{"0":"post-32808","1":"product","2":"type-product","3":"status-publish","4":"has-post-thumbnail","6":"mercado-internacional","7":"product_cat-abfalleimer-mit-fuspedal","8":"product_cat-abfalleimer-und-andere-behalter","9":"product_tag-kreisfoermig","10":"mediclinics-boxed-content","12":"first","13":"instock","14":"product-type-variable"},"acf":[],"_links":{"self":[{"href":"https:\/\/www.mediclinics.com\/de\/wp-json\/wp\/v2\/product\/32808","targetHints":{"allow":["GET"]}}],"collection":[{"href":"https:\/\/www.mediclinics.com\/de\/wp-json\/wp\/v2\/product"}],"about":[{"href":"https:\/\/www.mediclinics.com\/de\/wp-json\/wp\/v2\/types\/product"}],"replies":[{"embeddable":true,"href":"https:\/\/www.mediclinics.com\/de\/wp-json\/wp\/v2\/comments?post=32808"}],"wp:featuredmedia":[{"embeddable":true,"href":"https:\/\/www.mediclinics.com\/de\/wp-json\/wp\/v2\/media\/28706"}],"wp:attachment":[{"href":"https:\/\/www.mediclinics.com\/de\/wp-json\/wp\/v2\/media?parent=32808"}],"wp:term":[{"taxonomy":"coleccion","embeddable":true,"href":"https:\/\/www.mediclinics.com\/de\/wp-json\/wp\/v2\/coleccion?post=32808"},{"taxonomy":"product_brand","embeddable":true,"href":"https:\/\/www.mediclinics.com\/de\/wp-json\/wp\/v2\/product_brand?post=32808"},{"taxonomy":"product_cat","embeddable":true,"href":"https:\/\/www.mediclinics.com\/de\/wp-json\/wp\/v2\/product_cat?post=32808"},{"taxonomy":"product_tag","embeddable":true,"href":"https:\/\/www.mediclinics.com\/de\/wp-json\/wp\/v2\/product_tag?post=32808"}],"curies":[{"name":"wp","href":"https:\/\/api.w.org\/{rel}","templated":true}]}}