{"id":32812,"date":"2025-10-15T14:30:52","date_gmt":"2025-10-15T12:30:52","guid":{"rendered":"https:\/\/www.mediclinics.com\/unkategorisiert\/10l-feminine-hygiene-container\/"},"modified":"2026-03-04T12:24:18","modified_gmt":"2026-03-04T11:24:18","slug":"hygienebox-10-l","status":"publish","type":"product","link":"https:\/\/www.mediclinics.com\/de\/abfalleimer-und-andere-behalter\/hygieneboxen\/hygienebox-10-l\/","title":{"rendered":"Hygienebox, 10\u202fl"},"content":{"rendered":"<p>Hygienebox mit manueller Bet\u00e4tigung und 10\u202fl Fassungsverm\u00f6gen<\/p>\n<p>\u2022 Hergestellt aus 0,8\u202fmm dickem Stahl.<br \/>\n\u2022 Abnehmbares Oberteil mit Deckel und integriertem Abfallbeh\u00e4lter.<br \/>\n\u2022 Speziell entwickelt, um den Inhalt vor Blicken zu sch\u00fctzen.<br \/>\n\u2022 Vandalensicher, f\u00fcr sehr h\u00e4ufig frequentierte Waschr\u00e4ume.<\/p>\n","protected":false},"excerpt":{"rendered":"<p>Hygienebox mit 10\u202fl Fassungsverm\u00f6gen und manuell zu bet\u00e4tigendem Schwingdeckel<\/p>\n","protected":false},"featured_media":28697,"comment_status":"closed","ping_status":"closed","template":"","meta":{"_acf_changed":false},"coleccion":[],"product_brand":[],"product_cat":[1238,1242],"product_tag":[],"class_list":{"0":"post-32812","1":"product","2":"type-product","3":"status-publish","4":"has-post-thumbnail","6":"mercado-internacional","7":"product_cat-abfalleimer-und-andere-behalter","8":"product_cat-hygieneboxen","9":"mediclinics-boxed-content","11":"first","12":"instock","13":"product-type-variable"},"acf":[],"_links":{"self":[{"href":"https:\/\/www.mediclinics.com\/de\/wp-json\/wp\/v2\/product\/32812","targetHints":{"allow":["GET"]}}],"collection":[{"href":"https:\/\/www.mediclinics.com\/de\/wp-json\/wp\/v2\/product"}],"about":[{"href":"https:\/\/www.mediclinics.com\/de\/wp-json\/wp\/v2\/types\/product"}],"replies":[{"embeddable":true,"href":"https:\/\/www.mediclinics.com\/de\/wp-json\/wp\/v2\/comments?post=32812"}],"wp:featuredmedia":[{"embeddable":true,"href":"https:\/\/www.mediclinics.com\/de\/wp-json\/wp\/v2\/media\/28697"}],"wp:attachment":[{"href":"https:\/\/www.mediclinics.com\/de\/wp-json\/wp\/v2\/media?parent=32812"}],"wp:term":[{"taxonomy":"coleccion","embeddable":true,"href":"https:\/\/www.mediclinics.com\/de\/wp-json\/wp\/v2\/coleccion?post=32812"},{"taxonomy":"product_brand","embeddable":true,"href":"https:\/\/www.mediclinics.com\/de\/wp-json\/wp\/v2\/product_brand?post=32812"},{"taxonomy":"product_cat","embeddable":true,"href":"https:\/\/www.mediclinics.com\/de\/wp-json\/wp\/v2\/product_cat?post=32812"},{"taxonomy":"product_tag","embeddable":true,"href":"https:\/\/www.mediclinics.com\/de\/wp-json\/wp\/v2\/product_tag?post=32812"}],"curies":[{"name":"wp","href":"https:\/\/api.w.org\/{rel}","templated":true}]}}