{"id":32816,"date":"2025-10-15T14:31:02","date_gmt":"2025-10-15T12:31:02","guid":{"rendered":"https:\/\/www.mediclinics.com\/unkategorisiert\/combined-unit-paper-towel-dispenser-waste-bin-recessed-wall-mounting-3\/"},"modified":"2026-03-02T10:33:05","modified_gmt":"2026-03-02T09:33:05","slug":"mehrzweckeinheit-bestehend-aus-papierhandtuchspender-und-abfallbehaelter-zur-wandmontage-2","status":"publish","type":"product","link":"https:\/\/www.mediclinics.com\/de\/mehrzweckeinheiten\/unterputzmontage\/mehrzweckeinheit-bestehend-aus-papierhandtuchspender-und-abfallbehaelter-zur-wandmontage-2\/","title":{"rendered":"Mehrzweckeinheit bestehend aus Papierhandtuchspender und Abfallbeh\u00e4lter zur Wandmontage"},"content":{"rendered":"<p>Mehrzweckeinheit mit Papierhandtuchspender und Abfallbeh\u00e4lter f\u00fcr den Wandeinbau.<\/p>\n<p>\u2022 Papierhandtuchspender mit Kapazit\u00e4t f\u00fcr 400 &#8211; 600 Papierhandt\u00fccher mit C-\/Z-Falz.<br \/>\n\u2022 Wird mit mitgeliefertem Spezialschl\u00fcssel abgeschlossen.<br \/>\n\u2022 Herausnehmbarer, tropfsicherer Kunststoff-Innenbeh\u00e4lter.<br \/>\n\u2022 Abfallbeh\u00e4lter mit 7,6\u202fl Fassungsverm\u00f6gen.<\/p>\n","protected":false},"excerpt":{"rendered":"<p>Mehrzweckeinheit mit seidenmattem Finish, bestehend aus einem manuellen Papierhandtuchspender und einen Abfallbeh\u00e4lter.<\/p>\n","protected":false},"featured_media":28841,"comment_status":"closed","ping_status":"closed","template":"","meta":{"_acf_changed":false},"coleccion":[],"product_brand":[],"product_cat":[1151,1152],"product_tag":[],"class_list":{"0":"post-32816","1":"product","2":"type-product","3":"status-publish","4":"has-post-thumbnail","6":"mercado-internacional","7":"product_cat-mehrzweckeinheiten","8":"product_cat-unterputzmontage","9":"mediclinics-boxed-content","11":"first","12":"instock","13":"product-type-simple"},"acf":[],"_links":{"self":[{"href":"https:\/\/www.mediclinics.com\/de\/wp-json\/wp\/v2\/product\/32816","targetHints":{"allow":["GET"]}}],"collection":[{"href":"https:\/\/www.mediclinics.com\/de\/wp-json\/wp\/v2\/product"}],"about":[{"href":"https:\/\/www.mediclinics.com\/de\/wp-json\/wp\/v2\/types\/product"}],"replies":[{"embeddable":true,"href":"https:\/\/www.mediclinics.com\/de\/wp-json\/wp\/v2\/comments?post=32816"}],"wp:featuredmedia":[{"embeddable":true,"href":"https:\/\/www.mediclinics.com\/de\/wp-json\/wp\/v2\/media\/28841"}],"wp:attachment":[{"href":"https:\/\/www.mediclinics.com\/de\/wp-json\/wp\/v2\/media?parent=32816"}],"wp:term":[{"taxonomy":"coleccion","embeddable":true,"href":"https:\/\/www.mediclinics.com\/de\/wp-json\/wp\/v2\/coleccion?post=32816"},{"taxonomy":"product_brand","embeddable":true,"href":"https:\/\/www.mediclinics.com\/de\/wp-json\/wp\/v2\/product_brand?post=32816"},{"taxonomy":"product_cat","embeddable":true,"href":"https:\/\/www.mediclinics.com\/de\/wp-json\/wp\/v2\/product_cat?post=32816"},{"taxonomy":"product_tag","embeddable":true,"href":"https:\/\/www.mediclinics.com\/de\/wp-json\/wp\/v2\/product_tag?post=32816"}],"curies":[{"name":"wp","href":"https:\/\/api.w.org\/{rel}","templated":true}]}}