{"id":32818,"date":"2025-10-15T14:31:02","date_gmt":"2025-10-15T12:31:02","guid":{"rendered":"https:\/\/www.mediclinics.com\/unkategorisiert\/combined-unit-paper-towel-dispenser-waste-bin-recessed-wall-mounting-2\/"},"modified":"2026-03-02T10:31:51","modified_gmt":"2026-03-02T09:31:51","slug":"mehrzweckeinheit-bestehend-aus-papierhandtuchspender-und-abfallbehaelter-zur-wandmontage","status":"publish","type":"product","link":"https:\/\/www.mediclinics.com\/de\/mehrzweckeinheiten\/unterputzmontage\/mehrzweckeinheit-bestehend-aus-papierhandtuchspender-und-abfallbehaelter-zur-wandmontage\/","title":{"rendered":"Mehrzweckeinheit bestehend aus Papierhandtuchspender und Abfallbeh\u00e4lter zur Wandmontage"},"content":{"rendered":"<p>Mehrzweckeinheit aus AISI 304 Edelstahl mit seidenmattem Finish.<\/p>\n<p>\u2022 Inklusive Papierhandtuchspender und herausnehmbarem 26,5\u202fl Abfallbeh\u00e4lter.<br \/>\n\u2022 Geh\u00e4use und T\u00fcren aus 0,8 mm dickem AISI 304 Edelstahl.<br \/>\n\u2022 T\u00fcren mit Scharnier und mitgeliefertem Schl\u00fcssel.<br \/>\n\u2022 Spender geeignet f\u00fcr Papierhandt\u00fccher mit C- oder Z-Falz und einer Abdeckung, die ein Zerrei\u00dfen des Papiers verhindert.<\/p>\n","protected":false},"excerpt":{"rendered":"<p>Mehrzweckeinheit mit seidenmattem Finish, bestehend aus einem manuellen Papierhandtuchspender und einen Abfallbeh\u00e4lter.<\/p>\n","protected":false},"featured_media":28789,"comment_status":"closed","ping_status":"closed","template":"","meta":{"_acf_changed":false},"coleccion":[],"product_brand":[],"product_cat":[1151,1152],"product_tag":[],"class_list":{"0":"post-32818","1":"product","2":"type-product","3":"status-publish","4":"has-post-thumbnail","6":"mercado-internacional","7":"product_cat-mehrzweckeinheiten","8":"product_cat-unterputzmontage","9":"mediclinics-boxed-content","11":"first","12":"instock","13":"product-type-simple"},"acf":[],"_links":{"self":[{"href":"https:\/\/www.mediclinics.com\/de\/wp-json\/wp\/v2\/product\/32818","targetHints":{"allow":["GET"]}}],"collection":[{"href":"https:\/\/www.mediclinics.com\/de\/wp-json\/wp\/v2\/product"}],"about":[{"href":"https:\/\/www.mediclinics.com\/de\/wp-json\/wp\/v2\/types\/product"}],"replies":[{"embeddable":true,"href":"https:\/\/www.mediclinics.com\/de\/wp-json\/wp\/v2\/comments?post=32818"}],"wp:featuredmedia":[{"embeddable":true,"href":"https:\/\/www.mediclinics.com\/de\/wp-json\/wp\/v2\/media\/28789"}],"wp:attachment":[{"href":"https:\/\/www.mediclinics.com\/de\/wp-json\/wp\/v2\/media?parent=32818"}],"wp:term":[{"taxonomy":"coleccion","embeddable":true,"href":"https:\/\/www.mediclinics.com\/de\/wp-json\/wp\/v2\/coleccion?post=32818"},{"taxonomy":"product_brand","embeddable":true,"href":"https:\/\/www.mediclinics.com\/de\/wp-json\/wp\/v2\/product_brand?post=32818"},{"taxonomy":"product_cat","embeddable":true,"href":"https:\/\/www.mediclinics.com\/de\/wp-json\/wp\/v2\/product_cat?post=32818"},{"taxonomy":"product_tag","embeddable":true,"href":"https:\/\/www.mediclinics.com\/de\/wp-json\/wp\/v2\/product_tag?post=32818"}],"curies":[{"name":"wp","href":"https:\/\/api.w.org\/{rel}","templated":true}]}}