{"id":32823,"date":"2025-10-15T14:30:31","date_gmt":"2025-10-15T12:30:31","guid":{"rendered":"https:\/\/www.mediclinics.com\/unkategorisiert\/40l-large-capacity-open-waste-bin\/"},"modified":"2026-03-04T12:07:37","modified_gmt":"2026-03-04T11:07:37","slug":"grossvolumiger-offener-abfallbehaelter-40-l","status":"publish","type":"product","link":"https:\/\/www.mediclinics.com\/de\/abfalleimer-und-andere-behalter\/abfallbehalter\/grossvolumiger-offener-abfallbehaelter-40-l\/","title":{"rendered":"Gro\u00dfvolumiger, offener Abfallbeh\u00e4lter, 40 l"},"content":{"rendered":"<p>Innen-Abfallbeh\u00e4lter aus Metall mit schwenkbarem Kunststoffring zur Fixierung des M\u00fcllbeutels, 40 Liter Fassungsverm\u00f6gen.<\/p>\n<p>\u2022 Attraktives und robustes Design.<br \/>\n\u2022 Vollst\u00e4ndig verschwei\u00dft, mit durchgehenden Ecken und frei von Graten und scharfen Stellen.<br \/>\n\u2022 Abfallbeh\u00e4lter, der sich besonders f\u00fcr stark frequentierte Innenbereiche eignet.<br \/>\n\u2022 L\u00e4sst sich wahlweise mit 4 Schrauben und D\u00fcbeln an der Wand befestigen oder freistehend auf dem Boden aufstellen.<br \/>\n\u2022 Das Befestigungsmaterial f\u00fcr die Wandmontage ist nicht im Lieferumfang enthalten.<\/p>\n","protected":false},"excerpt":{"rendered":"<p>Offener Abfallbeh\u00e4lter mit 40\u202fl Fassungsverm\u00f6gen<\/p>\n","protected":false},"featured_media":28743,"comment_status":"closed","ping_status":"closed","template":"","meta":{"_acf_changed":false},"coleccion":[],"product_brand":[],"product_cat":[1240,1238],"product_tag":[1162],"class_list":{"0":"post-32823","1":"product","2":"type-product","3":"status-publish","4":"has-post-thumbnail","6":"mercado-internacional","7":"product_cat-abfallbehalter","8":"product_cat-abfalleimer-und-andere-behalter","9":"product_tag-25-50l","10":"mediclinics-boxed-content","12":"first","13":"instock","14":"product-type-variable"},"acf":[],"_links":{"self":[{"href":"https:\/\/www.mediclinics.com\/de\/wp-json\/wp\/v2\/product\/32823","targetHints":{"allow":["GET"]}}],"collection":[{"href":"https:\/\/www.mediclinics.com\/de\/wp-json\/wp\/v2\/product"}],"about":[{"href":"https:\/\/www.mediclinics.com\/de\/wp-json\/wp\/v2\/types\/product"}],"replies":[{"embeddable":true,"href":"https:\/\/www.mediclinics.com\/de\/wp-json\/wp\/v2\/comments?post=32823"}],"wp:featuredmedia":[{"embeddable":true,"href":"https:\/\/www.mediclinics.com\/de\/wp-json\/wp\/v2\/media\/28743"}],"wp:attachment":[{"href":"https:\/\/www.mediclinics.com\/de\/wp-json\/wp\/v2\/media?parent=32823"}],"wp:term":[{"taxonomy":"coleccion","embeddable":true,"href":"https:\/\/www.mediclinics.com\/de\/wp-json\/wp\/v2\/coleccion?post=32823"},{"taxonomy":"product_brand","embeddable":true,"href":"https:\/\/www.mediclinics.com\/de\/wp-json\/wp\/v2\/product_brand?post=32823"},{"taxonomy":"product_cat","embeddable":true,"href":"https:\/\/www.mediclinics.com\/de\/wp-json\/wp\/v2\/product_cat?post=32823"},{"taxonomy":"product_tag","embeddable":true,"href":"https:\/\/www.mediclinics.com\/de\/wp-json\/wp\/v2\/product_tag?post=32823"}],"curies":[{"name":"wp","href":"https:\/\/api.w.org\/{rel}","templated":true}]}}