{"id":32828,"date":"2025-10-15T14:30:41","date_gmt":"2025-10-15T12:30:41","guid":{"rendered":"https:\/\/www.mediclinics.com\/unkategorisiert\/6l-feminine-hygiene-container\/"},"modified":"2026-03-04T12:19:34","modified_gmt":"2026-03-04T11:19:34","slug":"hygienebox-6-l","status":"publish","type":"product","link":"https:\/\/www.mediclinics.com\/de\/abfalleimer-und-andere-behalter\/hygieneboxen\/hygienebox-6-l\/","title":{"rendered":"Hygienebox, 6\u202fl"},"content":{"rendered":"<p>Hygienebox mit 6\u202fl Fassungsverm\u00f6gen und manuell zu bet\u00e4tigendem Deckel.<\/p>\n<p>\u2022 Mit modernem, innovativem Design.<br \/>\n\u2022 Speziell f\u00fcr Damenhygieneprodukte konzipiert.<br \/>\n\u2022 Der Deckel an der Oberseite verhindert den Einblick ins Innere.<br \/>\n\u2022 Der robuste und vandalensichere Beh\u00e4lter eignet sich besonders f\u00fcr stark frequentierte Waschr\u00e4ume.<\/p>\n","protected":false},"excerpt":{"rendered":"<p>Hygienebox mit manuell zu bet\u00e4tigendem Deckel<\/p>\n","protected":false},"featured_media":28692,"comment_status":"closed","ping_status":"closed","template":"","meta":{"_acf_changed":false},"coleccion":[],"product_brand":[],"product_cat":[1238,1242],"product_tag":[],"class_list":{"0":"post-32828","1":"product","2":"type-product","3":"status-publish","4":"has-post-thumbnail","6":"mercado-internacional","7":"product_cat-abfalleimer-und-andere-behalter","8":"product_cat-hygieneboxen","9":"mediclinics-boxed-content","11":"first","12":"instock","13":"product-type-variable"},"acf":[],"_links":{"self":[{"href":"https:\/\/www.mediclinics.com\/de\/wp-json\/wp\/v2\/product\/32828","targetHints":{"allow":["GET"]}}],"collection":[{"href":"https:\/\/www.mediclinics.com\/de\/wp-json\/wp\/v2\/product"}],"about":[{"href":"https:\/\/www.mediclinics.com\/de\/wp-json\/wp\/v2\/types\/product"}],"replies":[{"embeddable":true,"href":"https:\/\/www.mediclinics.com\/de\/wp-json\/wp\/v2\/comments?post=32828"}],"wp:featuredmedia":[{"embeddable":true,"href":"https:\/\/www.mediclinics.com\/de\/wp-json\/wp\/v2\/media\/28692"}],"wp:attachment":[{"href":"https:\/\/www.mediclinics.com\/de\/wp-json\/wp\/v2\/media?parent=32828"}],"wp:term":[{"taxonomy":"coleccion","embeddable":true,"href":"https:\/\/www.mediclinics.com\/de\/wp-json\/wp\/v2\/coleccion?post=32828"},{"taxonomy":"product_brand","embeddable":true,"href":"https:\/\/www.mediclinics.com\/de\/wp-json\/wp\/v2\/product_brand?post=32828"},{"taxonomy":"product_cat","embeddable":true,"href":"https:\/\/www.mediclinics.com\/de\/wp-json\/wp\/v2\/product_cat?post=32828"},{"taxonomy":"product_tag","embeddable":true,"href":"https:\/\/www.mediclinics.com\/de\/wp-json\/wp\/v2\/product_tag?post=32828"}],"curies":[{"name":"wp","href":"https:\/\/api.w.org\/{rel}","templated":true}]}}