{"id":33431,"date":"2025-09-29T20:38:50","date_gmt":"2025-09-29T18:38:50","guid":{"rendered":"https:\/\/www.mediclinics.com\/?post_type=product&#038;p=33431"},"modified":"2026-03-27T12:27:16","modified_gmt":"2026-03-27T11:27:16","slug":"einbau-fluessigseifenspender-fuer-arbeitsplatten","status":"publish","type":"product","link":"https:\/\/www.mediclinics.com\/de\/seifenspender\/manuell-seifenspender\/einbau-fluessigseifenspender-fuer-arbeitsplatten\/","title":{"rendered":"Einbau-Fl\u00fcssigseifenspender f\u00fcr Arbeitsplatten"},"content":{"rendered":"<p>Seifenspender zum direkten Einbau in die Arbeitsplatte, manuelle Bet\u00e4tigung \u00fcber einen Druckknopf.<\/p>\n<p>\u2022 Fassungsverm\u00f6gen 0,52 l, aus Edelstahl AISI 304 und verchromtem Messing.<br \/>\n\u2022 Spendet Fl\u00fcssigseife oder hydroalkoholische Gele.<br \/>\n\u2022 Fl\u00fcssigseife oder Desinfektionsgel mit maximal 80 % Alkohol.<br \/>\n\u2022 Dichte zwischen 0,9 und 1,35 kg\/dm\u00b3 und Viskosit\u00e4t zwischen 500 und 2.500 cps.<\/p>\n","protected":false},"excerpt":{"rendered":"<p>Seifenspender zum direkten Einbau in die Arbeitsplatte, manuelle Bet\u00e4tigung \u00fcber einen Druckknopf. \u2022 Fassungsverm\u00f6gen 0,52 l, aus Edelstahl AISI 304 und verchromtem Messing. \u2022 Spendet Fl\u00fcssigseife oder hydroalkoholische Gele. \u2022 Fl\u00fcssigseife oder Desinfektionsgel mit maximal 80 % Alkohol. \u2022 Dichte zwischen 0,9 und 1,35 kg\/dm\u00b3 und Viskosit\u00e4t zwischen 500 und 2.500 cps.<\/p>\n","protected":false},"featured_media":27955,"comment_status":"closed","ping_status":"closed","template":"","meta":{"_acf_changed":false},"coleccion":[],"product_brand":[],"product_cat":[1203,1200],"product_tag":[1159],"class_list":{"0":"post-33431","1":"product","2":"type-product","3":"status-publish","4":"has-post-thumbnail","6":"product_cat-manuell-seifenspender","7":"product_cat-seifenspender","8":"product_tag-minus1l","9":"mediclinics-boxed-content","11":"first","12":"instock","13":"product-type-simple"},"acf":[],"_links":{"self":[{"href":"https:\/\/www.mediclinics.com\/de\/wp-json\/wp\/v2\/product\/33431","targetHints":{"allow":["GET"]}}],"collection":[{"href":"https:\/\/www.mediclinics.com\/de\/wp-json\/wp\/v2\/product"}],"about":[{"href":"https:\/\/www.mediclinics.com\/de\/wp-json\/wp\/v2\/types\/product"}],"replies":[{"embeddable":true,"href":"https:\/\/www.mediclinics.com\/de\/wp-json\/wp\/v2\/comments?post=33431"}],"wp:featuredmedia":[{"embeddable":true,"href":"https:\/\/www.mediclinics.com\/de\/wp-json\/wp\/v2\/media\/27955"}],"wp:attachment":[{"href":"https:\/\/www.mediclinics.com\/de\/wp-json\/wp\/v2\/media?parent=33431"}],"wp:term":[{"taxonomy":"coleccion","embeddable":true,"href":"https:\/\/www.mediclinics.com\/de\/wp-json\/wp\/v2\/coleccion?post=33431"},{"taxonomy":"product_brand","embeddable":true,"href":"https:\/\/www.mediclinics.com\/de\/wp-json\/wp\/v2\/product_brand?post=33431"},{"taxonomy":"product_cat","embeddable":true,"href":"https:\/\/www.mediclinics.com\/de\/wp-json\/wp\/v2\/product_cat?post=33431"},{"taxonomy":"product_tag","embeddable":true,"href":"https:\/\/www.mediclinics.com\/de\/wp-json\/wp\/v2\/product_tag?post=33431"}],"curies":[{"name":"wp","href":"https:\/\/api.w.org\/{rel}","templated":true}]}}