{"id":33470,"date":"2025-10-15T14:31:52","date_gmt":"2025-10-15T12:31:52","guid":{"rendered":"https:\/\/www.mediclinics.com\/?post_type=product&#038;p=33470"},"modified":"2026-04-09T13:20:04","modified_gmt":"2026-04-09T11:20:04","slug":"fuellt-glaeser-mit-leitungswasser-aus-edelstahlwand","status":"publish","type":"product","link":"https:\/\/www.mediclinics.com\/de\/trinkwasserbrunnen-und-spender\/leitungsgebundene-wasserspender\/fuellt-glaeser-mit-leitungswasser-aus-edelstahlwand\/","title":{"rendered":"F\u00fcllt Gl\u00e4ser mit Leitungswasser aus Edelstahlwand"},"content":{"rendered":"<p>F\u00fcllt Trinkwassergl\u00e4ser aus dem nicht gek\u00fchlten Leitungsnetz, zur Wandmontage, satinierte Oberfl\u00e4che.<\/p>\n<p>\u2022 Hergestellt aus bakteriostatischem Edelstahl AISI 304, 1,2 mm dick.<br \/>\n\u2022 Ideal f\u00fcr \u00f6ffentliche Innen- und Au\u00dfenbereiche. Widerstandsf\u00e4hig und langlebig.<br \/>\n\u2022 Einfacher Anschluss an die Trinkwasserversorgung mit konstanter Versorgung. Konturierte, spritzwassergesch\u00fctzte Wanne f\u00fcr maximale Hygiene.<br \/>\n\u2022 Verchromter Messingauslauf M3\/8&#8220;, sofortige Absperrung, einstellbarer Durchfluss. Flacher, vandalismussicherer Abfluss.<br \/>\n\u2022 Eingelassenes horizontales Ventil \u00d8 1\u00bc\u201a\u2018. Inklusive Befestigungen und flexiblem Schlauch 3\/8\u201d.<\/p>\n","protected":false},"excerpt":{"rendered":"<p>F\u00fcllt Trinkwassergl\u00e4ser aus dem nicht gek\u00fchlten Leitungsnetz, zur Wandmontage, satinierte Oberfl\u00e4che. \u2022 Hergestellt aus bakteriostatischem Edelstahl AISI 304, 1,2 mm dick. \u2022 Ideal f\u00fcr \u00f6ffentliche Innen- und Au\u00dfenbereiche. Widerstandsf\u00e4hig und langlebig. \u2022 Einfacher Anschluss an die Trinkwasserversorgung mit konstanter Versorgung. Konturierte, spritzwassergesch\u00fctzte Wanne f\u00fcr maximale Hygiene. \u2022 Verchromter Messingauslauf M3\/8&#8220;, sofortige Absperrung, einstellbarer Durchfluss. Flacher, <a href=\"https:\/\/www.mediclinics.com\/de\/trinkwasserbrunnen-und-spender\/leitungsgebundene-wasserspender\/fuellt-glaeser-mit-leitungswasser-aus-edelstahlwand\/\" class=\"more-link\">&#8230;<span class=\"screen-reader-text\">  F\u00fcllt Gl\u00e4ser mit Leitungswasser aus Edelstahlwand<\/span><\/a><\/p>\n","protected":false},"featured_media":28816,"comment_status":"closed","ping_status":"closed","template":"","meta":{"_acf_changed":false},"coleccion":[],"product_brand":[],"product_cat":[1185,1183],"product_tag":[],"class_list":{"0":"post-33470","1":"product","2":"type-product","3":"status-publish","4":"has-post-thumbnail","6":"product_cat-leitungsgebundene-wasserspender","7":"product_cat-trinkwasserbrunnen-und-spender","8":"mediclinics-boxed-content","10":"first","11":"instock","12":"product-type-simple"},"acf":[],"_links":{"self":[{"href":"https:\/\/www.mediclinics.com\/de\/wp-json\/wp\/v2\/product\/33470","targetHints":{"allow":["GET"]}}],"collection":[{"href":"https:\/\/www.mediclinics.com\/de\/wp-json\/wp\/v2\/product"}],"about":[{"href":"https:\/\/www.mediclinics.com\/de\/wp-json\/wp\/v2\/types\/product"}],"replies":[{"embeddable":true,"href":"https:\/\/www.mediclinics.com\/de\/wp-json\/wp\/v2\/comments?post=33470"}],"wp:featuredmedia":[{"embeddable":true,"href":"https:\/\/www.mediclinics.com\/de\/wp-json\/wp\/v2\/media\/28816"}],"wp:attachment":[{"href":"https:\/\/www.mediclinics.com\/de\/wp-json\/wp\/v2\/media?parent=33470"}],"wp:term":[{"taxonomy":"coleccion","embeddable":true,"href":"https:\/\/www.mediclinics.com\/de\/wp-json\/wp\/v2\/coleccion?post=33470"},{"taxonomy":"product_brand","embeddable":true,"href":"https:\/\/www.mediclinics.com\/de\/wp-json\/wp\/v2\/product_brand?post=33470"},{"taxonomy":"product_cat","embeddable":true,"href":"https:\/\/www.mediclinics.com\/de\/wp-json\/wp\/v2\/product_cat?post=33470"},{"taxonomy":"product_tag","embeddable":true,"href":"https:\/\/www.mediclinics.com\/de\/wp-json\/wp\/v2\/product_tag?post=33470"}],"curies":[{"name":"wp","href":"https:\/\/api.w.org\/{rel}","templated":true}]}}