{"id":33551,"date":"2026-02-20T12:14:27","date_gmt":"2026-02-20T11:14:27","guid":{"rendered":"https:\/\/www.mediclinics.com\/?post_type=product&#038;p=33551"},"modified":"2026-02-23T12:43:56","modified_gmt":"2026-02-23T11:43:56","slug":"saniflow-druckknopf-haendetrockner","status":"publish","type":"product","link":"https:\/\/www.mediclinics.com\/de\/handetrockner\/hohe-nutzungsfrequenz\/saniflow-druckknopf-haendetrockner\/","title":{"rendered":"Saniflow-Druckknopf-H\u00e4ndetrockner"},"content":{"rendered":"<p>Saniflow\u00ae-H\u00e4ndetrockner mit Druckknopf und drehbarer D\u00fcse.<\/p>\n<ul>\n<li>Eines der weltweit am h\u00e4ufigsten verwendeten Modelle.<\/li>\n<li>Einfache Wartung, geringer Ger\u00e4uschpegel und hohe Benutzersicherheit.<\/li>\n<li>Sehr starker Luftstrom, der die Trocknungszeit verk\u00fcrzt.<\/li>\n<li>Angenehme Trocknungstemperatur.<\/li>\n<li>6 mm dicke Abdeckung aus Gusseisen mit wei\u00dfer Porzellanemaillierung.<\/li>\n<li>Ideal f\u00fcr stark frequentierte Toiletten.<\/li>\n<li>Vandalismussicheres, langlebiges und \u00e4u\u00dferst zuverl\u00e4ssiges Design.<\/li>\n<li>Empfohlen f\u00fcr Flugh\u00e4fen, Hotels, Sportzentren und gro\u00dfe Organisationen.<\/li>\n<\/ul>\n","protected":false},"excerpt":{"rendered":"<p>Saniflow\u00ae-H\u00e4ndetrockner mit Druckknopf und drehbarer D\u00fcse. Eines der weltweit am h\u00e4ufigsten verwendeten Modelle. Einfache Wartung, geringer Ger\u00e4uschpegel und hohe Benutzersicherheit. Sehr starker Luftstrom, der die Trocknungszeit verk\u00fcrzt. Angenehme Trocknungstemperatur. 6 mm dicke Abdeckung aus Gusseisen mit wei\u00dfer Porzellanemaillierung. Ideal f\u00fcr stark frequentierte Toiletten. Vandalismussicheres, langlebiges und \u00e4u\u00dferst zuverl\u00e4ssiges Design. Empfohlen f\u00fcr Flugh\u00e4fen, Hotels, Sportzentren und <a href=\"https:\/\/www.mediclinics.com\/de\/handetrockner\/hohe-nutzungsfrequenz\/saniflow-druckknopf-haendetrockner\/\" class=\"more-link\">&#8230;<span class=\"screen-reader-text\">  Saniflow-Druckknopf-H\u00e4ndetrockner<\/span><\/a><\/p>\n","protected":false},"featured_media":33594,"comment_status":"open","ping_status":"closed","template":"","meta":{"_acf_changed":false},"coleccion":[],"product_brand":[],"product_cat":[1196,1197],"product_tag":[],"class_list":{"0":"post-33551","1":"product","2":"type-product","3":"status-publish","4":"has-post-thumbnail","6":"product_cat-handetrockner","7":"product_cat-hohe-nutzungsfrequenz","8":"mediclinics-boxed-content","10":"first","11":"instock","12":"shipping-taxable","13":"product-type-simple"},"acf":[],"_links":{"self":[{"href":"https:\/\/www.mediclinics.com\/de\/wp-json\/wp\/v2\/product\/33551","targetHints":{"allow":["GET"]}}],"collection":[{"href":"https:\/\/www.mediclinics.com\/de\/wp-json\/wp\/v2\/product"}],"about":[{"href":"https:\/\/www.mediclinics.com\/de\/wp-json\/wp\/v2\/types\/product"}],"replies":[{"embeddable":true,"href":"https:\/\/www.mediclinics.com\/de\/wp-json\/wp\/v2\/comments?post=33551"}],"wp:featuredmedia":[{"embeddable":true,"href":"https:\/\/www.mediclinics.com\/de\/wp-json\/wp\/v2\/media\/33594"}],"wp:attachment":[{"href":"https:\/\/www.mediclinics.com\/de\/wp-json\/wp\/v2\/media?parent=33551"}],"wp:term":[{"taxonomy":"coleccion","embeddable":true,"href":"https:\/\/www.mediclinics.com\/de\/wp-json\/wp\/v2\/coleccion?post=33551"},{"taxonomy":"product_brand","embeddable":true,"href":"https:\/\/www.mediclinics.com\/de\/wp-json\/wp\/v2\/product_brand?post=33551"},{"taxonomy":"product_cat","embeddable":true,"href":"https:\/\/www.mediclinics.com\/de\/wp-json\/wp\/v2\/product_cat?post=33551"},{"taxonomy":"product_tag","embeddable":true,"href":"https:\/\/www.mediclinics.com\/de\/wp-json\/wp\/v2\/product_tag?post=33551"}],"curies":[{"name":"wp","href":"https:\/\/api.w.org\/{rel}","templated":true}]}}