{"id":33703,"date":"2026-02-26T17:46:31","date_gmt":"2026-02-26T16:46:31","guid":{"rendered":"https:\/\/www.mediclinics.com\/?post_type=product&#038;p=33703"},"modified":"2026-03-04T11:04:32","modified_gmt":"2026-03-04T10:04:32","slug":"manueller-fluessigseifenspender-8","status":"publish","type":"product","link":"https:\/\/www.mediclinics.com\/de\/seifenspender\/manuell-seifenspender\/manueller-fluessigseifenspender-8\/","title":{"rendered":"Manueller Fl\u00fcssigseifenspender"},"content":{"rendered":"<p>Fl\u00fcssigseifenspender mit einem Fassungsverm\u00f6gen von 1,5 l, hergestellt aus Edelstahl AISI 304, 0,8 mm dick, zur direkten Wandmontage und manuellen Bet\u00e4tigung mittels eines<br \/>\nDruckknopfes.<\/p>\n<p>Diese Seifenspender sind in vier Ausf\u00fchrungen (wei\u00df, schwarz, gl\u00e4nzend und satiniert) erh\u00e4ltlich und zeichnen sich durch ein funktionales, robustes und trendiges Design aus, das zur neuen Serie der<br \/>\nMediclinics-Badaccessoires passt.<\/p>\n<p>Geeignet f\u00fcr stark frequentierte Einrichtungen und f\u00fcr den \u00f6ffentlichen Gebrauch.<\/p>\n<p>&nbsp;<\/p>\n","protected":false},"excerpt":{"rendered":"<p>Fl\u00fcssigseifenspender mit einem Fassungsverm\u00f6gen von 1,5 l, hergestellt aus Edelstahl AISI 304, 0,8 mm dick, zur direkten Wandmontage und manuellen Bet\u00e4tigung mittels eines Druckknopfes. Diese Seifenspender sind in vier Ausf\u00fchrungen (wei\u00df, schwarz, gl\u00e4nzend und satiniert) erh\u00e4ltlich und zeichnen sich durch ein funktionales, robustes und trendiges Design aus, das zur neuen Serie der Mediclinics-Badaccessoires passt. Geeignet <a href=\"https:\/\/www.mediclinics.com\/de\/seifenspender\/manuell-seifenspender\/manueller-fluessigseifenspender-8\/\" class=\"more-link\">&#8230;<span class=\"screen-reader-text\">  Manueller Fl\u00fcssigseifenspender<\/span><\/a><\/p>\n","protected":false},"featured_media":33698,"comment_status":"open","ping_status":"closed","template":"","meta":{"_acf_changed":false},"coleccion":[],"product_brand":[],"product_cat":[1203,1200],"product_tag":[],"class_list":{"0":"post-33703","1":"product","2":"type-product","3":"status-publish","4":"has-post-thumbnail","6":"product_cat-manuell-seifenspender","7":"product_cat-seifenspender","8":"mediclinics-boxed-content","10":"first","11":"outofstock","12":"shipping-taxable","13":"product-type-variable"},"acf":[],"_links":{"self":[{"href":"https:\/\/www.mediclinics.com\/de\/wp-json\/wp\/v2\/product\/33703","targetHints":{"allow":["GET"]}}],"collection":[{"href":"https:\/\/www.mediclinics.com\/de\/wp-json\/wp\/v2\/product"}],"about":[{"href":"https:\/\/www.mediclinics.com\/de\/wp-json\/wp\/v2\/types\/product"}],"replies":[{"embeddable":true,"href":"https:\/\/www.mediclinics.com\/de\/wp-json\/wp\/v2\/comments?post=33703"}],"wp:featuredmedia":[{"embeddable":true,"href":"https:\/\/www.mediclinics.com\/de\/wp-json\/wp\/v2\/media\/33698"}],"wp:attachment":[{"href":"https:\/\/www.mediclinics.com\/de\/wp-json\/wp\/v2\/media?parent=33703"}],"wp:term":[{"taxonomy":"coleccion","embeddable":true,"href":"https:\/\/www.mediclinics.com\/de\/wp-json\/wp\/v2\/coleccion?post=33703"},{"taxonomy":"product_brand","embeddable":true,"href":"https:\/\/www.mediclinics.com\/de\/wp-json\/wp\/v2\/product_brand?post=33703"},{"taxonomy":"product_cat","embeddable":true,"href":"https:\/\/www.mediclinics.com\/de\/wp-json\/wp\/v2\/product_cat?post=33703"},{"taxonomy":"product_tag","embeddable":true,"href":"https:\/\/www.mediclinics.com\/de\/wp-json\/wp\/v2\/product_tag?post=33703"}],"curies":[{"name":"wp","href":"https:\/\/api.w.org\/{rel}","templated":true}]}}