{"id":15016,"date":"2025-12-01T13:44:16","date_gmt":"2025-12-01T12:44:16","guid":{"rendered":"https:\/\/www2.mediclinics.com\/product\/secador-de-manos-con-sensor-all-in-one\/"},"modified":"2026-04-07T12:06:35","modified_gmt":"2026-04-07T10:06:35","slug":"secador-manos-sensor-all-in-one","status":"publish","type":"product","link":"https:\/\/www.mediclinics.com\/es-la\/unidades-lavado-secado\/mural\/secador-manos-sensor-all-in-one\/","title":{"rendered":"Secador de manos con sensor All-in-one"},"content":{"rendered":"<p>Secador de manos montado en pared, parte de la unidad \u201cAll-in-One\u201d junto con grifo y dispensador, dise\u00f1ado para un secado r\u00e1pido, higi\u00e9nico y seguro.<\/p>\n<ul data-start=\"321\" data-end=\"599\">\n<li data-start=\"321\" data-end=\"388\">Secado en 10\u201115 segundos con velocidad de aire de 190\u2011400\u202fkm\/h.<\/li>\n<li data-start=\"389\" data-end=\"434\">Potencia: 420\u20111.500\u202fW; motor 420\u20111.100\u202fW.<\/li>\n<li data-start=\"435\" data-end=\"487\">Elemento calefactor de 400\u202fW, consumo 3,2\u20116,4\u202fA.<\/li>\n<li data-start=\"488\" data-end=\"551\">Medio Filtrante HEPA incluido y opci\u00f3n de ionizador \u201cIon Hygienic\u00ae\u201d.<\/li>\n<li data-start=\"552\" data-end=\"599\">Nivel de ruido: 67\u201172\u202fdBA; protecci\u00f3n IP23.<\/li>\n<\/ul>\n","protected":false},"excerpt":{"rendered":"<p>Secador de manos autom\u00e1tico Mediclinics \u201cAll-in-One\u201d, r\u00e1pido, higi\u00e9nico y eficiente, con filtro HEPA y dise\u00f1o seguro.<\/p>\n","protected":false},"featured_media":15018,"comment_status":"closed","ping_status":"closed","template":"","meta":{"_acf_changed":false},"coleccion":[],"product_brand":[],"product_cat":[837,838],"product_tag":[],"class_list":{"0":"post-15016","1":"product","2":"type-product","3":"status-publish","4":"has-post-thumbnail","6":"mercado-internacional","7":"product_cat-unidades-lavado-secado","8":"product_cat-mural","9":"mediclinics-boxed-content","11":"first","12":"instock","13":"product-type-variable"},"acf":[],"_links":{"self":[{"href":"https:\/\/www.mediclinics.com\/es-la\/wp-json\/wp\/v2\/product\/15016","targetHints":{"allow":["GET"]}}],"collection":[{"href":"https:\/\/www.mediclinics.com\/es-la\/wp-json\/wp\/v2\/product"}],"about":[{"href":"https:\/\/www.mediclinics.com\/es-la\/wp-json\/wp\/v2\/types\/product"}],"replies":[{"embeddable":true,"href":"https:\/\/www.mediclinics.com\/es-la\/wp-json\/wp\/v2\/comments?post=15016"}],"wp:featuredmedia":[{"embeddable":true,"href":"https:\/\/www.mediclinics.com\/es-la\/wp-json\/wp\/v2\/media\/15018"}],"wp:attachment":[{"href":"https:\/\/www.mediclinics.com\/es-la\/wp-json\/wp\/v2\/media?parent=15016"}],"wp:term":[{"taxonomy":"coleccion","embeddable":true,"href":"https:\/\/www.mediclinics.com\/es-la\/wp-json\/wp\/v2\/coleccion?post=15016"},{"taxonomy":"product_brand","embeddable":true,"href":"https:\/\/www.mediclinics.com\/es-la\/wp-json\/wp\/v2\/product_brand?post=15016"},{"taxonomy":"product_cat","embeddable":true,"href":"https:\/\/www.mediclinics.com\/es-la\/wp-json\/wp\/v2\/product_cat?post=15016"},{"taxonomy":"product_tag","embeddable":true,"href":"https:\/\/www.mediclinics.com\/es-la\/wp-json\/wp\/v2\/product_tag?post=15016"}],"curies":[{"name":"wp","href":"https:\/\/api.w.org\/{rel}","templated":true}]}}