{"id":15080,"date":"2025-10-15T14:36:12","date_gmt":"2025-10-15T12:36:12","guid":{"rendered":"https:\/\/www2.mediclinics.com\/product\/dispensador-de-jabon-automatico-liquido-para-detras-del-espejo\/"},"modified":"2026-02-09T10:59:17","modified_gmt":"2026-02-09T09:59:17","slug":"dispensador-jabon-automatico-liquido-detras-espejo","status":"publish","type":"product","link":"https:\/\/www.mediclinics.com\/es-la\/soluciones-detras-espejo\/modulos\/dispensador-jabon-automatico-liquido-detras-espejo\/","title":{"rendered":"Dispensador de jab\u00f3n autom\u00e1tico liquido para detr\u00e1s del espejo"},"content":{"rendered":"<p>Dispensador autom\u00e1tico de jab\u00f3n l\u00edquido recargable, para montar detr\u00e1s del espejo.<\/p>\n<p>\u2022 Fabricado en acero inoxidable AISI 304.<br \/>\n\u2022 De capacidad m\u00e1xima de 1 L<br \/>\n\u2022 Ofrece una dosis precisa de jab\u00f3n l\u00edquido \/ desinfectante de manos con solo acercar las manos.<br \/>\n\u2022 Adecuado para jab\u00f3n l\u00edquido o geles desinfectantes para manos.<\/p>\n","protected":false},"excerpt":{"rendered":"<p>Dispensador autom\u00e1tico de jab\u00f3n l\u00edquido para montar detr\u00e1s del espejo.<\/p>\n","protected":false},"featured_media":33114,"comment_status":"closed","ping_status":"closed","template":"","meta":{"_acf_changed":false},"coleccion":[],"product_brand":[],"product_cat":[843,845],"product_tag":[846],"class_list":{"0":"post-15080","1":"product","2":"type-product","3":"status-publish","4":"has-post-thumbnail","6":"mercado-internacional","7":"product_cat-soluciones-detras-espejo","8":"product_cat-modulos","9":"product_tag-sin-soporte","10":"mediclinics-boxed-content","12":"first","13":"instock","14":"product-type-simple"},"acf":[],"_links":{"self":[{"href":"https:\/\/www.mediclinics.com\/es-la\/wp-json\/wp\/v2\/product\/15080","targetHints":{"allow":["GET"]}}],"collection":[{"href":"https:\/\/www.mediclinics.com\/es-la\/wp-json\/wp\/v2\/product"}],"about":[{"href":"https:\/\/www.mediclinics.com\/es-la\/wp-json\/wp\/v2\/types\/product"}],"replies":[{"embeddable":true,"href":"https:\/\/www.mediclinics.com\/es-la\/wp-json\/wp\/v2\/comments?post=15080"}],"wp:featuredmedia":[{"embeddable":true,"href":"https:\/\/www.mediclinics.com\/es-la\/wp-json\/wp\/v2\/media\/33114"}],"wp:attachment":[{"href":"https:\/\/www.mediclinics.com\/es-la\/wp-json\/wp\/v2\/media?parent=15080"}],"wp:term":[{"taxonomy":"coleccion","embeddable":true,"href":"https:\/\/www.mediclinics.com\/es-la\/wp-json\/wp\/v2\/coleccion?post=15080"},{"taxonomy":"product_brand","embeddable":true,"href":"https:\/\/www.mediclinics.com\/es-la\/wp-json\/wp\/v2\/product_brand?post=15080"},{"taxonomy":"product_cat","embeddable":true,"href":"https:\/\/www.mediclinics.com\/es-la\/wp-json\/wp\/v2\/product_cat?post=15080"},{"taxonomy":"product_tag","embeddable":true,"href":"https:\/\/www.mediclinics.com\/es-la\/wp-json\/wp\/v2\/product_tag?post=15080"}],"curies":[{"name":"wp","href":"https:\/\/api.w.org\/{rel}","templated":true}]}}