{"id":15087,"date":"2025-10-15T14:36:12","date_gmt":"2025-10-15T12:36:12","guid":{"rendered":"https:\/\/www2.mediclinics.com\/product\/dispensador-de-jabon-con-soporte-incluido-para-detras-del-espejo\/"},"modified":"2026-03-24T12:31:28","modified_gmt":"2026-03-24T11:31:28","slug":"dispensador-jabon-soporte-incluido-detras-espejo","status":"publish","type":"product","link":"https:\/\/www.mediclinics.com\/es-la\/soluciones-detras-espejo\/modulos\/dispensador-jabon-soporte-incluido-detras-espejo\/","title":{"rendered":"Dispensador de jab\u00f3n con soporte incluido para detr\u00e1s del espejo"},"content":{"rendered":"<p>Dispensador autom\u00e1tico de jab\u00f3n l\u00edquido para instalar en tu armario detr\u00e1s del espejo<\/p>\n<p>\u2022 Es la soluci\u00f3n ideal cuando t\u00fa pones el armario.<br \/>\n\u2022 Dispensador autom\u00e1tico de jab\u00f3n l\u00edquido recargable, de capacidad m\u00e1xima de 1,8 L.<br \/>\n\u2022 Viene con el soporte incluido. De muy f\u00e1cil instalaci\u00f3n en tu armario, los mecanismos son regulables.<br \/>\n\u2022Velocidad de funcionamiento 220-240 V, 50\/60 Hz.<br \/>\n\u2022Funcionamiento a pilas 4x LR6 (opcional).<\/p>\n","protected":false},"excerpt":{"rendered":"<p>Dispensador de papel toalla con soporte incluido para detr\u00e1s de un espejo<\/p>\n","protected":false},"featured_media":33110,"comment_status":"closed","ping_status":"closed","template":"","meta":{"_acf_changed":false},"coleccion":[],"product_brand":[],"product_cat":[843,845],"product_tag":[847],"class_list":{"0":"post-15087","1":"product","2":"type-product","3":"status-publish","4":"has-post-thumbnail","6":"mercado-internacional","7":"product_cat-soluciones-detras-espejo","8":"product_cat-modulos","9":"product_tag-con-soporte","10":"mediclinics-boxed-content","12":"first","13":"instock","14":"product-type-simple"},"acf":[],"_links":{"self":[{"href":"https:\/\/www.mediclinics.com\/es-la\/wp-json\/wp\/v2\/product\/15087","targetHints":{"allow":["GET"]}}],"collection":[{"href":"https:\/\/www.mediclinics.com\/es-la\/wp-json\/wp\/v2\/product"}],"about":[{"href":"https:\/\/www.mediclinics.com\/es-la\/wp-json\/wp\/v2\/types\/product"}],"replies":[{"embeddable":true,"href":"https:\/\/www.mediclinics.com\/es-la\/wp-json\/wp\/v2\/comments?post=15087"}],"wp:featuredmedia":[{"embeddable":true,"href":"https:\/\/www.mediclinics.com\/es-la\/wp-json\/wp\/v2\/media\/33110"}],"wp:attachment":[{"href":"https:\/\/www.mediclinics.com\/es-la\/wp-json\/wp\/v2\/media?parent=15087"}],"wp:term":[{"taxonomy":"coleccion","embeddable":true,"href":"https:\/\/www.mediclinics.com\/es-la\/wp-json\/wp\/v2\/coleccion?post=15087"},{"taxonomy":"product_brand","embeddable":true,"href":"https:\/\/www.mediclinics.com\/es-la\/wp-json\/wp\/v2\/product_brand?post=15087"},{"taxonomy":"product_cat","embeddable":true,"href":"https:\/\/www.mediclinics.com\/es-la\/wp-json\/wp\/v2\/product_cat?post=15087"},{"taxonomy":"product_tag","embeddable":true,"href":"https:\/\/www.mediclinics.com\/es-la\/wp-json\/wp\/v2\/product_tag?post=15087"}],"curies":[{"name":"wp","href":"https:\/\/api.w.org\/{rel}","templated":true}]}}