{"id":15091,"date":"2025-10-15T14:36:04","date_gmt":"2025-10-15T12:36:04","guid":{"rendered":"https:\/\/www2.mediclinics.com\/product\/espejo-fijo-negro-700x500mm\/"},"modified":"2026-01-09T06:10:25","modified_gmt":"2026-01-09T05:10:25","slug":"espejo-fijo-negro-700x500mm","status":"publish","type":"product","link":"https:\/\/www.mediclinics.com\/es-la\/otras-ayudas-movilidad\/espejos\/espejo-fijo-negro-700x500mm\/","title":{"rendered":"Espejo fijo negro 700x500mm"},"content":{"rendered":"<p>Espejo rectangular fijo con marco de una sola pieza, fabricado con acero inoxidable AISI 304 de 1 mm de espesor y acabado epoxy negro.<\/p>\n<p>\u2022 Vidrio de 6 mm de espesor.<br \/>\n\u2022 Reverso con tablero de fibras de densidad media, hidr\u00f3fugo de 10 mm de espesor, para reforzar el vidrio haci\u00e9ndolo m\u00e1s resistente y alargando su durabilidad.<br \/>\n\u2022 Buena resistencia a la oxidaci\u00f3n.<\/p>\n","protected":false},"excerpt":{"rendered":"<p>Espejo rectangular fijo con marco de una sola pieza en acero inoxidable AISI 304.<\/p>\n","protected":false},"featured_media":15093,"comment_status":"closed","ping_status":"closed","template":"","meta":{"_acf_changed":false},"coleccion":[],"product_brand":[],"product_cat":[848,849],"product_tag":[850],"class_list":{"0":"post-15091","1":"product","2":"type-product","3":"status-publish","4":"has-post-thumbnail","6":"mercado-internacional","7":"product_cat-otras-ayudas-movilidad","8":"product_cat-espejos","9":"product_tag-fijos","10":"mediclinics-boxed-content","12":"first","13":"instock","14":"product-type-variable"},"acf":[],"_links":{"self":[{"href":"https:\/\/www.mediclinics.com\/es-la\/wp-json\/wp\/v2\/product\/15091","targetHints":{"allow":["GET"]}}],"collection":[{"href":"https:\/\/www.mediclinics.com\/es-la\/wp-json\/wp\/v2\/product"}],"about":[{"href":"https:\/\/www.mediclinics.com\/es-la\/wp-json\/wp\/v2\/types\/product"}],"replies":[{"embeddable":true,"href":"https:\/\/www.mediclinics.com\/es-la\/wp-json\/wp\/v2\/comments?post=15091"}],"wp:featuredmedia":[{"embeddable":true,"href":"https:\/\/www.mediclinics.com\/es-la\/wp-json\/wp\/v2\/media\/15093"}],"wp:attachment":[{"href":"https:\/\/www.mediclinics.com\/es-la\/wp-json\/wp\/v2\/media?parent=15091"}],"wp:term":[{"taxonomy":"coleccion","embeddable":true,"href":"https:\/\/www.mediclinics.com\/es-la\/wp-json\/wp\/v2\/coleccion?post=15091"},{"taxonomy":"product_brand","embeddable":true,"href":"https:\/\/www.mediclinics.com\/es-la\/wp-json\/wp\/v2\/product_brand?post=15091"},{"taxonomy":"product_cat","embeddable":true,"href":"https:\/\/www.mediclinics.com\/es-la\/wp-json\/wp\/v2\/product_cat?post=15091"},{"taxonomy":"product_tag","embeddable":true,"href":"https:\/\/www.mediclinics.com\/es-la\/wp-json\/wp\/v2\/product_tag?post=15091"}],"curies":[{"name":"wp","href":"https:\/\/api.w.org\/{rel}","templated":true}]}}