{"id":15101,"date":"2025-10-15T14:36:04","date_gmt":"2025-10-15T12:36:04","guid":{"rendered":"https:\/\/www2.mediclinics.com\/product\/espejo-basculante-800x600mm\/"},"modified":"2026-01-09T06:10:25","modified_gmt":"2026-01-09T05:10:25","slug":"espejo-basculante-800x600mm","status":"publish","type":"product","link":"https:\/\/www.mediclinics.com\/es-la\/otras-ayudas-movilidad\/espejos\/espejo-basculante-800x600mm\/","title":{"rendered":"Espejo basculante 800x600mm"},"content":{"rendered":"<p>Espejos basculantes realizados con una estructura de acero acabado en epoxi blanco (EP0300) o en acero inoxidable AISI 304 (EP0300CS y EP0400CS) acabado satinado.<\/p>\n<p>\u2022 Espesor 1,5 mm con esquinas soldadas y pulidas.<br \/>\n\u2022 Indicados para conseguir ba\u00f1os y recintos p\u00fablicos sin barreras arquitect\u00f3nicas de accesibilidad.<br \/>\n\u2022 Modelos aptos para colectividades.<br \/>\n\u2022 M\u00e1xima durabilidad y resistencia a la oxidaci\u00f3n.<br \/>\n\u2022 Se incluyen de serie los medios de fijaci\u00f3n a pared de ladrillo.<\/p>\n","protected":false},"excerpt":{"rendered":"<p>Espejo basculante realizado con una estructura de acero inoxidable AISI 304, acabado satinado<\/p>\n","protected":false},"featured_media":15103,"comment_status":"closed","ping_status":"closed","template":"","meta":{"_acf_changed":false},"coleccion":[],"product_brand":[],"product_cat":[848,849],"product_tag":[850],"class_list":{"0":"post-15101","1":"product","2":"type-product","3":"status-publish","4":"has-post-thumbnail","6":"mercado-internacional","7":"product_cat-otras-ayudas-movilidad","8":"product_cat-espejos","9":"product_tag-fijos","10":"mediclinics-boxed-content","12":"first","13":"instock","14":"product-type-simple"},"acf":[],"_links":{"self":[{"href":"https:\/\/www.mediclinics.com\/es-la\/wp-json\/wp\/v2\/product\/15101","targetHints":{"allow":["GET"]}}],"collection":[{"href":"https:\/\/www.mediclinics.com\/es-la\/wp-json\/wp\/v2\/product"}],"about":[{"href":"https:\/\/www.mediclinics.com\/es-la\/wp-json\/wp\/v2\/types\/product"}],"replies":[{"embeddable":true,"href":"https:\/\/www.mediclinics.com\/es-la\/wp-json\/wp\/v2\/comments?post=15101"}],"wp:featuredmedia":[{"embeddable":true,"href":"https:\/\/www.mediclinics.com\/es-la\/wp-json\/wp\/v2\/media\/15103"}],"wp:attachment":[{"href":"https:\/\/www.mediclinics.com\/es-la\/wp-json\/wp\/v2\/media?parent=15101"}],"wp:term":[{"taxonomy":"coleccion","embeddable":true,"href":"https:\/\/www.mediclinics.com\/es-la\/wp-json\/wp\/v2\/coleccion?post=15101"},{"taxonomy":"product_brand","embeddable":true,"href":"https:\/\/www.mediclinics.com\/es-la\/wp-json\/wp\/v2\/product_brand?post=15101"},{"taxonomy":"product_cat","embeddable":true,"href":"https:\/\/www.mediclinics.com\/es-la\/wp-json\/wp\/v2\/product_cat?post=15101"},{"taxonomy":"product_tag","embeddable":true,"href":"https:\/\/www.mediclinics.com\/es-la\/wp-json\/wp\/v2\/product_tag?post=15101"}],"curies":[{"name":"wp","href":"https:\/\/api.w.org\/{rel}","templated":true}]}}