{"id":15115,"date":"2025-10-15T14:36:04","date_gmt":"2025-10-15T12:36:04","guid":{"rendered":"https:\/\/www2.mediclinics.com\/product\/armario-de-2-modulos-jabon-secador-de-manos\/"},"modified":"2026-04-07T11:16:44","modified_gmt":"2026-04-07T09:16:44","slug":"armario-2-modulos-jabon-secador-manos","status":"publish","type":"product","link":"https:\/\/www.mediclinics.com\/es-la\/soluciones-detras-espejo\/armarios-completos\/armario-2-modulos-jabon-secador-manos\/","title":{"rendered":"Armario de 2 m\u00f3dulos : Jab\u00f3n + Secador de manos"},"content":{"rendered":"<p>Sistema de lavado y secado de manos integrado detr\u00e1s del espejo.<br \/>\nPara una soluci\u00f3n completa detr\u00e1s del espejo: armario + dos equipamientos.<\/p>\n<ul>\n<li>Opci\u00f3n ideal cuando ya dispones de salida de agua.<\/li>\n<li>Los dos equipamientos son: Dispensador de jab\u00f3n + Secador de manos autom\u00e1tico.<\/li>\n<li>Con pictogramas Led para un uso intuitivo<\/li>\n<li>Armario de f\u00e1cil instalaci\u00f3n.<\/li>\n<\/ul>\n","protected":false},"excerpt":{"rendered":"<p>Sistema de lavado y secado tras el espejo con armario, jab\u00f3n y secador.<\/p>\n","protected":false},"featured_media":33017,"comment_status":"closed","ping_status":"closed","template":"","meta":{"_acf_changed":false},"coleccion":[819,415],"product_brand":[],"product_cat":[843,853],"product_tag":[],"class_list":{"0":"post-15115","1":"product","2":"type-product","3":"status-publish","4":"has-post-thumbnail","6":"coleccion-contract","7":"coleccion-elegant","8":"mercado-internacional","9":"product_cat-soluciones-detras-espejo","10":"product_cat-armarios-completos","11":"mediclinics-boxed-content","13":"first","14":"instock","15":"product-type-simple"},"acf":[],"_links":{"self":[{"href":"https:\/\/www.mediclinics.com\/es-la\/wp-json\/wp\/v2\/product\/15115","targetHints":{"allow":["GET"]}}],"collection":[{"href":"https:\/\/www.mediclinics.com\/es-la\/wp-json\/wp\/v2\/product"}],"about":[{"href":"https:\/\/www.mediclinics.com\/es-la\/wp-json\/wp\/v2\/types\/product"}],"replies":[{"embeddable":true,"href":"https:\/\/www.mediclinics.com\/es-la\/wp-json\/wp\/v2\/comments?post=15115"}],"wp:featuredmedia":[{"embeddable":true,"href":"https:\/\/www.mediclinics.com\/es-la\/wp-json\/wp\/v2\/media\/33017"}],"wp:attachment":[{"href":"https:\/\/www.mediclinics.com\/es-la\/wp-json\/wp\/v2\/media?parent=15115"}],"wp:term":[{"taxonomy":"coleccion","embeddable":true,"href":"https:\/\/www.mediclinics.com\/es-la\/wp-json\/wp\/v2\/coleccion?post=15115"},{"taxonomy":"product_brand","embeddable":true,"href":"https:\/\/www.mediclinics.com\/es-la\/wp-json\/wp\/v2\/product_brand?post=15115"},{"taxonomy":"product_cat","embeddable":true,"href":"https:\/\/www.mediclinics.com\/es-la\/wp-json\/wp\/v2\/product_cat?post=15115"},{"taxonomy":"product_tag","embeddable":true,"href":"https:\/\/www.mediclinics.com\/es-la\/wp-json\/wp\/v2\/product_tag?post=15115"}],"curies":[{"name":"wp","href":"https:\/\/api.w.org\/{rel}","templated":true}]}}