{"id":15138,"date":"2025-10-15T14:33:46","date_gmt":"2025-10-15T12:33:46","guid":{"rendered":"https:\/\/www2.mediclinics.com\/product\/porta-rollos-papel-higienico-de-reserva-4\/"},"modified":"2026-02-06T10:08:03","modified_gmt":"2026-02-06T09:08:03","slug":"porta-rollos-papel-higienico-reserva-4","status":"publish","type":"product","link":"https:\/\/www.mediclinics.com\/es-la\/accesorios-bano\/serie-medicrom\/porta-rollos-papel-higienico-reserva-4\/","title":{"rendered":"Portarollos papel higi\u00e9nico de reserva"},"content":{"rendered":"<p>Portarrollos de reserva vertical, de la serie de accesorios de ba\u00f1o Medicrom, para adosar a LA pared con tornillos.<\/p>\n<p>\u2022 Fabricado en lat\u00f3n cromado brillante con ba\u00f1o de cromo-n\u00edquel de 9-10 \u03bcm de n\u00edquel y 0,3-0,4 \u03bcm de cromo.<br \/>\n\u2022 Portarrollos de reserva con dise\u00f1o funcional, elegante y atemporal, ideal para cualquier estilo de ba\u00f1o.<br \/>\n\u2022 Adecuado para uso dom\u00e9stico y ba\u00f1os de colectividades como restaurantes, hoteles, hospitales y centros para la tercera edad.<br \/>\n\u2022 Se suministra kit de instalaci\u00f3n a la pared.<\/p>\n","protected":false},"excerpt":{"rendered":"<p>Portarrollos vertical de reserva en lat\u00f3n cromado brillante, para adosar a pared.<\/p>\n","protected":false},"featured_media":15139,"comment_status":"closed","ping_status":"closed","template":"","meta":{"_acf_changed":false},"coleccion":[],"product_brand":[],"product_cat":[856,857],"product_tag":[],"class_list":{"0":"post-15138","1":"product","2":"type-product","3":"status-publish","4":"has-post-thumbnail","6":"mercado-internacional","7":"product_cat-accesorios-bano","8":"product_cat-serie-medicrom","9":"mediclinics-boxed-content","11":"first","12":"instock","13":"product-type-simple"},"acf":[],"_links":{"self":[{"href":"https:\/\/www.mediclinics.com\/es-la\/wp-json\/wp\/v2\/product\/15138","targetHints":{"allow":["GET"]}}],"collection":[{"href":"https:\/\/www.mediclinics.com\/es-la\/wp-json\/wp\/v2\/product"}],"about":[{"href":"https:\/\/www.mediclinics.com\/es-la\/wp-json\/wp\/v2\/types\/product"}],"replies":[{"embeddable":true,"href":"https:\/\/www.mediclinics.com\/es-la\/wp-json\/wp\/v2\/comments?post=15138"}],"wp:featuredmedia":[{"embeddable":true,"href":"https:\/\/www.mediclinics.com\/es-la\/wp-json\/wp\/v2\/media\/15139"}],"wp:attachment":[{"href":"https:\/\/www.mediclinics.com\/es-la\/wp-json\/wp\/v2\/media?parent=15138"}],"wp:term":[{"taxonomy":"coleccion","embeddable":true,"href":"https:\/\/www.mediclinics.com\/es-la\/wp-json\/wp\/v2\/coleccion?post=15138"},{"taxonomy":"product_brand","embeddable":true,"href":"https:\/\/www.mediclinics.com\/es-la\/wp-json\/wp\/v2\/product_brand?post=15138"},{"taxonomy":"product_cat","embeddable":true,"href":"https:\/\/www.mediclinics.com\/es-la\/wp-json\/wp\/v2\/product_cat?post=15138"},{"taxonomy":"product_tag","embeddable":true,"href":"https:\/\/www.mediclinics.com\/es-la\/wp-json\/wp\/v2\/product_tag?post=15138"}],"curies":[{"name":"wp","href":"https:\/\/api.w.org\/{rel}","templated":true}]}}