{"id":15140,"date":"2025-10-15T14:33:46","date_gmt":"2025-10-15T12:33:46","guid":{"rendered":"https:\/\/www2.mediclinics.com\/product\/percha-simple-con-cabezal-esferico\/"},"modified":"2026-01-09T06:10:28","modified_gmt":"2026-01-09T05:10:28","slug":"percha-simple-cabezal-esferico","status":"publish","type":"product","link":"https:\/\/www.mediclinics.com\/es-la\/accesorios-bano\/serie-medicrom\/percha-simple-cabezal-esferico\/","title":{"rendered":"Percha simple con cabezal esf\u00e9rico"},"content":{"rendered":"<p>Percha de ba\u00f1o para adosar a la pared, de lat\u00f3n cromado de 1mm de espesor, con una capa de protecci\u00f3n de 9-10 \u03bcm de n\u00edquel y de 0,3-0,4 \u03bcm de cromo.<\/p>\n<p>\u2022 Ideal tanto para entornos p\u00fablicos, como para el propio hogar.<br \/>\n\u2022 De dise\u00f1o atemporal y elegante, esta percha se adapta perfectamente a cualquier tipo de decoraci\u00f3n.<br \/>\n\u2022 Los tornillos de fijaci\u00f3n quedan ocultos con un embellecedor, realzando la est\u00e9tica del elemento.<br \/>\n\u2022 Se suministra con todos los elementos de fijaci\u00f3n a la pared necesarios.<\/p>\n","protected":false},"excerpt":{"rendered":"<p>Percha de ba\u00f1o en lat\u00f3n cromado brillante, para pared.<\/p>\n","protected":false},"featured_media":15142,"comment_status":"closed","ping_status":"closed","template":"","meta":{"_acf_changed":false},"coleccion":[],"product_brand":[],"product_cat":[856,857],"product_tag":[],"class_list":{"0":"post-15140","1":"product","2":"type-product","3":"status-publish","4":"has-post-thumbnail","6":"mercado-internacional","7":"product_cat-accesorios-bano","8":"product_cat-serie-medicrom","9":"mediclinics-boxed-content","11":"first","12":"instock","13":"product-type-simple"},"acf":[],"_links":{"self":[{"href":"https:\/\/www.mediclinics.com\/es-la\/wp-json\/wp\/v2\/product\/15140","targetHints":{"allow":["GET"]}}],"collection":[{"href":"https:\/\/www.mediclinics.com\/es-la\/wp-json\/wp\/v2\/product"}],"about":[{"href":"https:\/\/www.mediclinics.com\/es-la\/wp-json\/wp\/v2\/types\/product"}],"replies":[{"embeddable":true,"href":"https:\/\/www.mediclinics.com\/es-la\/wp-json\/wp\/v2\/comments?post=15140"}],"wp:featuredmedia":[{"embeddable":true,"href":"https:\/\/www.mediclinics.com\/es-la\/wp-json\/wp\/v2\/media\/15142"}],"wp:attachment":[{"href":"https:\/\/www.mediclinics.com\/es-la\/wp-json\/wp\/v2\/media?parent=15140"}],"wp:term":[{"taxonomy":"coleccion","embeddable":true,"href":"https:\/\/www.mediclinics.com\/es-la\/wp-json\/wp\/v2\/coleccion?post=15140"},{"taxonomy":"product_brand","embeddable":true,"href":"https:\/\/www.mediclinics.com\/es-la\/wp-json\/wp\/v2\/product_brand?post=15140"},{"taxonomy":"product_cat","embeddable":true,"href":"https:\/\/www.mediclinics.com\/es-la\/wp-json\/wp\/v2\/product_cat?post=15140"},{"taxonomy":"product_tag","embeddable":true,"href":"https:\/\/www.mediclinics.com\/es-la\/wp-json\/wp\/v2\/product_tag?post=15140"}],"curies":[{"name":"wp","href":"https:\/\/api.w.org\/{rel}","templated":true}]}}