{"id":15164,"date":"2025-10-15T14:33:36","date_gmt":"2025-10-15T12:33:36","guid":{"rendered":"https:\/\/www2.mediclinics.com\/product\/manillon-toallero-de-305-mm\/"},"modified":"2026-01-09T06:10:29","modified_gmt":"2026-01-09T05:10:29","slug":"manillon-toallero-305-mm","status":"publish","type":"product","link":"https:\/\/www.mediclinics.com\/es-la\/accesorios-bano\/serie-medicrom\/manillon-toallero-305-mm\/","title":{"rendered":"Manill\u00f3n-Toallero de 305 mm"},"content":{"rendered":"<p>Manill\u00f3n-toallero recto para adosar a la pared, con dos apoyos y de doble uso: toallero y asidero. <\/p>\n<p>\u2022 Fabricado en lat\u00f3n cromado brillante con ba\u00f1o de cromo-n\u00edquel de alta calidad.<br \/>\n\u2022 Apto para uso dom\u00e9stico, hoteles, bares y colectividades; resistente a la corrosi\u00f3n y duradero.<br \/>\n\u2022 La torniller\u00eda de instalaci\u00f3n queda oculta gracias a los embellecedores, realzando a\u00fan m\u00e1s la est\u00e9tica del producto.<br \/>\n\u2022 El manill\u00f3n se fija a la pared mediante 6 tacos de nylon y 6 tornillos que se suministran de serie con el producto.<\/p>\n","protected":false},"excerpt":{"rendered":"<p>Manill\u00f3n-toallero recto en lat\u00f3n cromado brillante, para pared.<\/p>\n","protected":false},"featured_media":15165,"comment_status":"closed","ping_status":"closed","template":"","meta":{"_acf_changed":false},"coleccion":[],"product_brand":[],"product_cat":[856,857],"product_tag":[],"class_list":{"0":"post-15164","1":"product","2":"type-product","3":"status-publish","4":"has-post-thumbnail","6":"mercado-internacional","7":"product_cat-accesorios-bano","8":"product_cat-serie-medicrom","9":"mediclinics-boxed-content","11":"first","12":"instock","13":"product-type-simple"},"acf":[],"_links":{"self":[{"href":"https:\/\/www.mediclinics.com\/es-la\/wp-json\/wp\/v2\/product\/15164","targetHints":{"allow":["GET"]}}],"collection":[{"href":"https:\/\/www.mediclinics.com\/es-la\/wp-json\/wp\/v2\/product"}],"about":[{"href":"https:\/\/www.mediclinics.com\/es-la\/wp-json\/wp\/v2\/types\/product"}],"replies":[{"embeddable":true,"href":"https:\/\/www.mediclinics.com\/es-la\/wp-json\/wp\/v2\/comments?post=15164"}],"wp:featuredmedia":[{"embeddable":true,"href":"https:\/\/www.mediclinics.com\/es-la\/wp-json\/wp\/v2\/media\/15165"}],"wp:attachment":[{"href":"https:\/\/www.mediclinics.com\/es-la\/wp-json\/wp\/v2\/media?parent=15164"}],"wp:term":[{"taxonomy":"coleccion","embeddable":true,"href":"https:\/\/www.mediclinics.com\/es-la\/wp-json\/wp\/v2\/coleccion?post=15164"},{"taxonomy":"product_brand","embeddable":true,"href":"https:\/\/www.mediclinics.com\/es-la\/wp-json\/wp\/v2\/product_brand?post=15164"},{"taxonomy":"product_cat","embeddable":true,"href":"https:\/\/www.mediclinics.com\/es-la\/wp-json\/wp\/v2\/product_cat?post=15164"},{"taxonomy":"product_tag","embeddable":true,"href":"https:\/\/www.mediclinics.com\/es-la\/wp-json\/wp\/v2\/product_tag?post=15164"}],"curies":[{"name":"wp","href":"https:\/\/api.w.org\/{rel}","templated":true}]}}