{"id":15184,"date":"2025-10-15T14:33:27","date_gmt":"2025-10-15T12:33:27","guid":{"rendered":"https:\/\/www2.mediclinics.com\/product\/espejo-aumento\/"},"modified":"2026-01-09T06:10:31","modified_gmt":"2026-01-09T05:10:31","slug":"espejo-aumento","status":"publish","type":"product","link":"https:\/\/www.mediclinics.com\/es-la\/accesorios-bano\/serie-medisteel\/espejo-aumento\/","title":{"rendered":"Espejo aumento"},"content":{"rendered":"<p>Espejo de doble cara con aumento x3, con dos brazos orientables y extensibles, para instalaci\u00f3n en pared, fabricado en acero inoxidable AISI 304 con acabado brillante.<\/p>\n<p>\u2022 Espejo con vista normal (x1) y lado con triple aumento (x3) para detalles.<br \/>\n\u2022 Espejo de aumento elegante y atemporal, ideal para lavabos individuales en hoteles o hogares.<br \/>\n\u2022 Muy \u00fatil para maquillarse, afeitarse, ponerse las lentes de contacto, etc.<br \/>\n\u2022 Dise\u00f1o giratorio 360\u00b0 para ajustar el \u00e1ngulo seg\u00fan comodidad.<br \/>\n\u2022 Resistente a la corrosi\u00f3n y duradero, incluye todo lo necesario para una instalaci\u00f3n f\u00e1cil en la pared.<\/p>\n","protected":false},"excerpt":{"rendered":"<p>Espejo de pared doble cara con aumento x3, brazos extensibles, en acero inoxidable AISI 304 brillante.<\/p>\n","protected":false},"featured_media":15185,"comment_status":"closed","ping_status":"closed","template":"","meta":{"_acf_changed":false},"coleccion":[],"product_brand":[],"product_cat":[856,862],"product_tag":[],"class_list":{"0":"post-15184","1":"product","2":"type-product","3":"status-publish","4":"has-post-thumbnail","6":"mercado-internacional","7":"product_cat-accesorios-bano","8":"product_cat-serie-medisteel","9":"mediclinics-boxed-content","11":"first","12":"instock","13":"product-type-simple"},"acf":[],"_links":{"self":[{"href":"https:\/\/www.mediclinics.com\/es-la\/wp-json\/wp\/v2\/product\/15184","targetHints":{"allow":["GET"]}}],"collection":[{"href":"https:\/\/www.mediclinics.com\/es-la\/wp-json\/wp\/v2\/product"}],"about":[{"href":"https:\/\/www.mediclinics.com\/es-la\/wp-json\/wp\/v2\/types\/product"}],"replies":[{"embeddable":true,"href":"https:\/\/www.mediclinics.com\/es-la\/wp-json\/wp\/v2\/comments?post=15184"}],"wp:featuredmedia":[{"embeddable":true,"href":"https:\/\/www.mediclinics.com\/es-la\/wp-json\/wp\/v2\/media\/15185"}],"wp:attachment":[{"href":"https:\/\/www.mediclinics.com\/es-la\/wp-json\/wp\/v2\/media?parent=15184"}],"wp:term":[{"taxonomy":"coleccion","embeddable":true,"href":"https:\/\/www.mediclinics.com\/es-la\/wp-json\/wp\/v2\/coleccion?post=15184"},{"taxonomy":"product_brand","embeddable":true,"href":"https:\/\/www.mediclinics.com\/es-la\/wp-json\/wp\/v2\/product_brand?post=15184"},{"taxonomy":"product_cat","embeddable":true,"href":"https:\/\/www.mediclinics.com\/es-la\/wp-json\/wp\/v2\/product_cat?post=15184"},{"taxonomy":"product_tag","embeddable":true,"href":"https:\/\/www.mediclinics.com\/es-la\/wp-json\/wp\/v2\/product_tag?post=15184"}],"curies":[{"name":"wp","href":"https:\/\/api.w.org\/{rel}","templated":true}]}}