{"id":15196,"date":"2025-10-15T14:33:27","date_gmt":"2025-10-15T12:33:27","guid":{"rendered":"https:\/\/www2.mediclinics.com\/product\/escobillero-5\/"},"modified":"2026-01-09T06:10:32","modified_gmt":"2026-01-09T05:10:32","slug":"escobillero-5","status":"publish","type":"product","link":"https:\/\/www.mediclinics.com\/es-la\/accesorios-bano\/serie-medicolor\/escobillero-5\/","title":{"rendered":"Escobillero"},"content":{"rendered":"<p>Escobillero de ba\u00f1o, para apoyarse directamente en el suelo o adosarse a la pared, fabricado en aluminio.<\/p>\n<p>\u2022 Apto tanto para espacios p\u00fablicos, como para el hogar. Modelo apto para colectividades.<br \/>\n\u2022 Robusto, duradero y resistente; incluye tacos y tornillos para montaje en pared.<br \/>\n\u2022 Muy higi\u00e9nico gracias a su tapa que evita los malos olores en el ba\u00f1o.<br \/>\n\u2022 F\u00e1cil de limpiar, mantiene el ba\u00f1o higi\u00e9nico y ordenado.<\/p>\n","protected":false},"excerpt":{"rendered":"<p>Escobillero de ba\u00f1o, para apoyarse directamente en el suelo o adosarse a la pared<\/p>\n","protected":false},"featured_media":15198,"comment_status":"closed","ping_status":"closed","template":"","meta":{"_acf_changed":false},"coleccion":[],"product_brand":[],"product_cat":[856,863],"product_tag":[],"class_list":{"0":"post-15196","1":"product","2":"type-product","3":"status-publish","4":"has-post-thumbnail","6":"mercado-internacional","7":"product_cat-accesorios-bano","8":"product_cat-serie-medicolor","9":"mediclinics-boxed-content","11":"first","12":"instock","13":"product-type-variable"},"acf":[],"_links":{"self":[{"href":"https:\/\/www.mediclinics.com\/es-la\/wp-json\/wp\/v2\/product\/15196","targetHints":{"allow":["GET"]}}],"collection":[{"href":"https:\/\/www.mediclinics.com\/es-la\/wp-json\/wp\/v2\/product"}],"about":[{"href":"https:\/\/www.mediclinics.com\/es-la\/wp-json\/wp\/v2\/types\/product"}],"replies":[{"embeddable":true,"href":"https:\/\/www.mediclinics.com\/es-la\/wp-json\/wp\/v2\/comments?post=15196"}],"wp:featuredmedia":[{"embeddable":true,"href":"https:\/\/www.mediclinics.com\/es-la\/wp-json\/wp\/v2\/media\/15198"}],"wp:attachment":[{"href":"https:\/\/www.mediclinics.com\/es-la\/wp-json\/wp\/v2\/media?parent=15196"}],"wp:term":[{"taxonomy":"coleccion","embeddable":true,"href":"https:\/\/www.mediclinics.com\/es-la\/wp-json\/wp\/v2\/coleccion?post=15196"},{"taxonomy":"product_brand","embeddable":true,"href":"https:\/\/www.mediclinics.com\/es-la\/wp-json\/wp\/v2\/product_brand?post=15196"},{"taxonomy":"product_cat","embeddable":true,"href":"https:\/\/www.mediclinics.com\/es-la\/wp-json\/wp\/v2\/product_cat?post=15196"},{"taxonomy":"product_tag","embeddable":true,"href":"https:\/\/www.mediclinics.com\/es-la\/wp-json\/wp\/v2\/product_tag?post=15196"}],"curies":[{"name":"wp","href":"https:\/\/api.w.org\/{rel}","templated":true}]}}