{"id":15240,"date":"2025-10-15T14:33:08","date_gmt":"2025-10-15T12:33:08","guid":{"rendered":"https:\/\/www2.mediclinics.com\/product\/dispensador-de-panuelos-faciales\/"},"modified":"2026-01-09T06:10:33","modified_gmt":"2026-01-09T05:10:33","slug":"dispensador-panuelos-faciales","status":"publish","type":"product","link":"https:\/\/www.mediclinics.com\/es-la\/accesorios-bano\/serie-medisteel\/dispensador-panuelos-faciales\/","title":{"rendered":"Dispensador de pa\u00f1uelos faciales"},"content":{"rendered":"<p>Dispensador de pa\u00f1uelos faciales manual de superficie, fabricado en acero inoxidable AISI 304.<\/p>\n<p>\u2022 Indicado para uso particular o profesional, en establecimientos como hoteles, cl\u00ednicas, guarder\u00edas, residencias para personas de la tercera edad, consultas, etc.<br \/>\n\u2022 Con este dispensador de pa\u00f1uelos es muy f\u00e1cil y c\u00f3modo coger pa\u00f1uelos de uno en uno.<br \/>\n\u2022 Capacidad para un paquete de 100 pa\u00f1uelos faciales (no se incluyen).<br \/>\n\u2022 Se suministra con tacos y tornillos para montar a la pared.<\/p>\n","protected":false},"excerpt":{"rendered":"<p>Dispensador de pa\u00f1uelos faciales<\/p>\n","protected":false},"featured_media":15242,"comment_status":"closed","ping_status":"closed","template":"","meta":{"_acf_changed":false},"coleccion":[],"product_brand":[],"product_cat":[856,862],"product_tag":[],"class_list":{"0":"post-15240","1":"product","2":"type-product","3":"status-publish","4":"has-post-thumbnail","6":"mercado-internacional","7":"product_cat-accesorios-bano","8":"product_cat-serie-medisteel","9":"mediclinics-boxed-content","11":"first","12":"instock","13":"product-type-variable"},"acf":[],"_links":{"self":[{"href":"https:\/\/www.mediclinics.com\/es-la\/wp-json\/wp\/v2\/product\/15240","targetHints":{"allow":["GET"]}}],"collection":[{"href":"https:\/\/www.mediclinics.com\/es-la\/wp-json\/wp\/v2\/product"}],"about":[{"href":"https:\/\/www.mediclinics.com\/es-la\/wp-json\/wp\/v2\/types\/product"}],"replies":[{"embeddable":true,"href":"https:\/\/www.mediclinics.com\/es-la\/wp-json\/wp\/v2\/comments?post=15240"}],"wp:featuredmedia":[{"embeddable":true,"href":"https:\/\/www.mediclinics.com\/es-la\/wp-json\/wp\/v2\/media\/15242"}],"wp:attachment":[{"href":"https:\/\/www.mediclinics.com\/es-la\/wp-json\/wp\/v2\/media?parent=15240"}],"wp:term":[{"taxonomy":"coleccion","embeddable":true,"href":"https:\/\/www.mediclinics.com\/es-la\/wp-json\/wp\/v2\/coleccion?post=15240"},{"taxonomy":"product_brand","embeddable":true,"href":"https:\/\/www.mediclinics.com\/es-la\/wp-json\/wp\/v2\/product_brand?post=15240"},{"taxonomy":"product_cat","embeddable":true,"href":"https:\/\/www.mediclinics.com\/es-la\/wp-json\/wp\/v2\/product_cat?post=15240"},{"taxonomy":"product_tag","embeddable":true,"href":"https:\/\/www.mediclinics.com\/es-la\/wp-json\/wp\/v2\/product_tag?post=15240"}],"curies":[{"name":"wp","href":"https:\/\/api.w.org\/{rel}","templated":true}]}}