{"id":15270,"date":"2025-10-15T14:33:08","date_gmt":"2025-10-15T12:33:08","guid":{"rendered":"https:\/\/www2.mediclinics.com\/product\/porta-rollos-papel-higienico-doble-con-tapay-empotrable-a-la-pared\/"},"modified":"2026-02-06T10:18:56","modified_gmt":"2026-02-06T09:18:56","slug":"porta-rollos-papel-higienico-doble-tapay-empotrable-pared","status":"publish","type":"product","link":"https:\/\/www.mediclinics.com\/es-la\/accesorios-bano\/serie-medisteel\/porta-rollos-papel-higienico-doble-tapay-empotrable-pared\/","title":{"rendered":"Portarollos papel higi\u00e9nico doble con tapay empotrable a la pared"},"content":{"rendered":"<p>Dispensador de papel higi\u00e9nico para empotrar en la pared doble, con fald\u00f3n y carcasa de acero inoxidable AISI 304.<\/p>\n<p>\u2022 Se adapta a cualquier espacio y necesidad, siendo muy f\u00e1cil y r\u00e1pido de instalar.<br \/>\n\u2022 Ideal para el sector hostelero, como equipamiento de ba\u00f1o de las habitaciones de hotel. Modelo apto para colectividades.<br \/>\n\u2022 Dispone de 2 ejes para sustentar el rollo de papel higi\u00e9nico totalmente extra\u00edbles, para facilitar el cambio de rollo.<br \/>\n\u2022 Medios de fijaci\u00f3n a la pared suministrados.<\/p>\n","protected":false},"excerpt":{"rendered":"<p>Dispensador doble empotrable de papel higi\u00e9nico, con fald\u00f3n y carcasa protectora, en acero inoxidable AISI 304<\/p>\n","protected":false},"featured_media":15272,"comment_status":"closed","ping_status":"closed","template":"","meta":{"_acf_changed":false},"coleccion":[],"product_brand":[],"product_cat":[856,862],"product_tag":[],"class_list":{"0":"post-15270","1":"product","2":"type-product","3":"status-publish","4":"has-post-thumbnail","6":"mercado-internacional","7":"product_cat-accesorios-bano","8":"product_cat-serie-medisteel","9":"mediclinics-boxed-content","11":"first","12":"instock","13":"product-type-variable"},"acf":[],"_links":{"self":[{"href":"https:\/\/www.mediclinics.com\/es-la\/wp-json\/wp\/v2\/product\/15270","targetHints":{"allow":["GET"]}}],"collection":[{"href":"https:\/\/www.mediclinics.com\/es-la\/wp-json\/wp\/v2\/product"}],"about":[{"href":"https:\/\/www.mediclinics.com\/es-la\/wp-json\/wp\/v2\/types\/product"}],"replies":[{"embeddable":true,"href":"https:\/\/www.mediclinics.com\/es-la\/wp-json\/wp\/v2\/comments?post=15270"}],"wp:featuredmedia":[{"embeddable":true,"href":"https:\/\/www.mediclinics.com\/es-la\/wp-json\/wp\/v2\/media\/15272"}],"wp:attachment":[{"href":"https:\/\/www.mediclinics.com\/es-la\/wp-json\/wp\/v2\/media?parent=15270"}],"wp:term":[{"taxonomy":"coleccion","embeddable":true,"href":"https:\/\/www.mediclinics.com\/es-la\/wp-json\/wp\/v2\/coleccion?post=15270"},{"taxonomy":"product_brand","embeddable":true,"href":"https:\/\/www.mediclinics.com\/es-la\/wp-json\/wp\/v2\/product_brand?post=15270"},{"taxonomy":"product_cat","embeddable":true,"href":"https:\/\/www.mediclinics.com\/es-la\/wp-json\/wp\/v2\/product_cat?post=15270"},{"taxonomy":"product_tag","embeddable":true,"href":"https:\/\/www.mediclinics.com\/es-la\/wp-json\/wp\/v2\/product_tag?post=15270"}],"curies":[{"name":"wp","href":"https:\/\/api.w.org\/{rel}","templated":true}]}}