{"id":15339,"date":"2025-10-15T14:32:49","date_gmt":"2025-10-15T12:32:49","guid":{"rendered":"https:\/\/www2.mediclinics.com\/product\/porta-rollos-papel-higienico-con-tapa\/"},"modified":"2026-03-09T13:36:02","modified_gmt":"2026-03-09T12:36:02","slug":"porta-rollos-papel-higienico-tapa","status":"publish","type":"product","link":"https:\/\/www.mediclinics.com\/es-la\/accesorios-bano\/serie-medinox\/porta-rollos-papel-higienico-tapa\/","title":{"rendered":"Portarollos papel higi\u00e9nico con tapa"},"content":{"rendered":"<p>Portarrollos de papel higi\u00e9nico individual, con fald\u00f3n frontal basculante, para adosar a la pared, fabricado con barra cil\u00edndrica y plancha de acero inoxidable AISI 304.<\/p>\n<p>\u2022 Con un dise\u00f1o elegante y funcional este portarrollos est\u00e1 pensado para adaptarse a cualquier espacio y necesidad.<br \/>\n\u2022 Adecuado para el sector hostelero, como equipamiento de ba\u00f1o de las habitaciones de hotel. Modelo apto para colectividades.<br \/>\n\u2022 Con tapa basculante para facilitar la reposici\u00f3n del papel.<br \/>\n\u2022 Sin componentes desmontables.<br \/>\n\u2022 Tiene las fijaciones a la pared ocultas para una mayor belleza del producto.<br \/>\n\u2022 Se suministra con los tacos y los tornillos para montar en la pared.<\/p>\n","protected":false},"excerpt":{"rendered":"<p>Portarrollos individual con fald\u00f3n basculante, mural en acero inoxidable AISI 304<\/p>\n","protected":false},"featured_media":15341,"comment_status":"closed","ping_status":"closed","template":"","meta":{"_acf_changed":false},"coleccion":[],"product_brand":[],"product_cat":[856,864],"product_tag":[],"class_list":{"0":"post-15339","1":"product","2":"type-product","3":"status-publish","4":"has-post-thumbnail","6":"mercado-internacional","7":"product_cat-accesorios-bano","8":"product_cat-serie-medinox","9":"mediclinics-boxed-content","11":"first","12":"instock","13":"product-type-variable"},"acf":[],"_links":{"self":[{"href":"https:\/\/www.mediclinics.com\/es-la\/wp-json\/wp\/v2\/product\/15339","targetHints":{"allow":["GET"]}}],"collection":[{"href":"https:\/\/www.mediclinics.com\/es-la\/wp-json\/wp\/v2\/product"}],"about":[{"href":"https:\/\/www.mediclinics.com\/es-la\/wp-json\/wp\/v2\/types\/product"}],"replies":[{"embeddable":true,"href":"https:\/\/www.mediclinics.com\/es-la\/wp-json\/wp\/v2\/comments?post=15339"}],"wp:featuredmedia":[{"embeddable":true,"href":"https:\/\/www.mediclinics.com\/es-la\/wp-json\/wp\/v2\/media\/15341"}],"wp:attachment":[{"href":"https:\/\/www.mediclinics.com\/es-la\/wp-json\/wp\/v2\/media?parent=15339"}],"wp:term":[{"taxonomy":"coleccion","embeddable":true,"href":"https:\/\/www.mediclinics.com\/es-la\/wp-json\/wp\/v2\/coleccion?post=15339"},{"taxonomy":"product_brand","embeddable":true,"href":"https:\/\/www.mediclinics.com\/es-la\/wp-json\/wp\/v2\/product_brand?post=15339"},{"taxonomy":"product_cat","embeddable":true,"href":"https:\/\/www.mediclinics.com\/es-la\/wp-json\/wp\/v2\/product_cat?post=15339"},{"taxonomy":"product_tag","embeddable":true,"href":"https:\/\/www.mediclinics.com\/es-la\/wp-json\/wp\/v2\/product_tag?post=15339"}],"curies":[{"name":"wp","href":"https:\/\/api.w.org\/{rel}","templated":true}]}}