{"id":15357,"date":"2025-10-15T14:32:49","date_gmt":"2025-10-15T12:32:49","guid":{"rendered":"https:\/\/www2.mediclinics.com\/product\/escobillero-3\/"},"modified":"2026-01-09T06:10:36","modified_gmt":"2026-01-09T05:10:36","slug":"escobillero-3","status":"publish","type":"product","link":"https:\/\/www.mediclinics.com\/es-la\/accesorios-bano\/serie-medinox\/escobillero-3\/","title":{"rendered":"Escobillero"},"content":{"rendered":"<p>Escobillero de ba\u00f1o, para ser montado en pared o apoyarse directamente en el suelo y fabricado en acero inoxidable AISI 304.<\/p>\n<p>\u2022Escobillero ergon\u00f3mico, resistente y duradero, apto para espacios p\u00fablicos y privados.<br \/>\n\u2022 Escobillero higi\u00e9nico con tapa antiolores, f\u00e1cil de limpiar y dise\u00f1o elegante que se adapta a cualquier ba\u00f1o.<br \/>\n\u2022 Dispone de un recogedor de agua de pl\u00e1stico.<br \/>\n\u2022 Ayuda a mantener el ba\u00f1o higi\u00e9nico y ordenado.<br \/>\n\u2022 Medios de fijaci\u00f3n a la pared suministrados.<\/p>\n","protected":false},"excerpt":{"rendered":"<p>Escobillero de ba\u00f1o para montaje mural o de pie en acero inoxidable AISI 304<\/p>\n","protected":false},"featured_media":15359,"comment_status":"closed","ping_status":"closed","template":"","meta":{"_acf_changed":false},"coleccion":[],"product_brand":[],"product_cat":[856,864],"product_tag":[],"class_list":{"0":"post-15357","1":"product","2":"type-product","3":"status-publish","4":"has-post-thumbnail","6":"mercado-internacional","7":"product_cat-accesorios-bano","8":"product_cat-serie-medinox","9":"mediclinics-boxed-content","11":"first","12":"instock","13":"product-type-variable"},"acf":[],"_links":{"self":[{"href":"https:\/\/www.mediclinics.com\/es-la\/wp-json\/wp\/v2\/product\/15357","targetHints":{"allow":["GET"]}}],"collection":[{"href":"https:\/\/www.mediclinics.com\/es-la\/wp-json\/wp\/v2\/product"}],"about":[{"href":"https:\/\/www.mediclinics.com\/es-la\/wp-json\/wp\/v2\/types\/product"}],"replies":[{"embeddable":true,"href":"https:\/\/www.mediclinics.com\/es-la\/wp-json\/wp\/v2\/comments?post=15357"}],"wp:featuredmedia":[{"embeddable":true,"href":"https:\/\/www.mediclinics.com\/es-la\/wp-json\/wp\/v2\/media\/15359"}],"wp:attachment":[{"href":"https:\/\/www.mediclinics.com\/es-la\/wp-json\/wp\/v2\/media?parent=15357"}],"wp:term":[{"taxonomy":"coleccion","embeddable":true,"href":"https:\/\/www.mediclinics.com\/es-la\/wp-json\/wp\/v2\/coleccion?post=15357"},{"taxonomy":"product_brand","embeddable":true,"href":"https:\/\/www.mediclinics.com\/es-la\/wp-json\/wp\/v2\/product_brand?post=15357"},{"taxonomy":"product_cat","embeddable":true,"href":"https:\/\/www.mediclinics.com\/es-la\/wp-json\/wp\/v2\/product_cat?post=15357"},{"taxonomy":"product_tag","embeddable":true,"href":"https:\/\/www.mediclinics.com\/es-la\/wp-json\/wp\/v2\/product_tag?post=15357"}],"curies":[{"name":"wp","href":"https:\/\/api.w.org\/{rel}","templated":true}]}}