{"id":15393,"date":"2025-10-15T14:35:53","date_gmt":"2025-10-15T12:35:53","guid":{"rendered":"https:\/\/www2.mediclinics.com\/product\/asiento-abatible-con-apoyo-a-suelo\/"},"modified":"2026-01-09T06:10:37","modified_gmt":"2026-01-09T05:10:37","slug":"asiento-abatible-apoyo-suelo","status":"publish","type":"product","link":"https:\/\/www.mediclinics.com\/es-la\/otras-ayudas-movilidad\/asientos\/asiento-abatible-apoyo-suelo\/","title":{"rendered":"Asiento abatible con apoyo a suelo"},"content":{"rendered":"<p>Asiento de ducha abatible con estructura y lamas en acero inoxidable AISI 304, y pata de apoyo a pared del mismo material.<\/p>\n<p>\u2022 Asiento para duchas y vestuarios, ideal para personas con movilidad reducida o de edad avanzada.<br \/>\n\u2022 Ideal para ba\u00f1os accesibles y colectividades, con sistema que mantiene el asiento en posici\u00f3n vertical hasta su liberaci\u00f3n.<br \/>\n\u2022 El asiento se usa en posici\u00f3n horizontal, y solo se abate para facilitar el acceso.<br \/>\n\u2022 Resistente al agua y muy f\u00e1cil de limpiar. Larga vida \u00fatil. Medios de fijaci\u00f3n para pared de ladrillo incluidos.<br \/>\n\u2022 De acuerdo con la norma UNE EN 16139 de seguridad, resistencia y durabilidad.<\/p>\n","protected":false},"excerpt":{"rendered":"<p>Asiento de ducha abatible en acero inoxidable AISI 304<\/p>\n","protected":false},"featured_media":15395,"comment_status":"closed","ping_status":"closed","template":"","meta":{"_acf_changed":false},"coleccion":[],"product_brand":[],"product_cat":[848,854],"product_tag":[855],"class_list":{"0":"post-15393","1":"product","2":"type-product","3":"status-publish","4":"has-post-thumbnail","6":"mercado-internacional","7":"product_cat-otras-ayudas-movilidad","8":"product_cat-asientos","9":"product_tag-asientos-ducha","10":"mediclinics-boxed-content","12":"first","13":"instock","14":"product-type-variable"},"acf":[],"_links":{"self":[{"href":"https:\/\/www.mediclinics.com\/es-la\/wp-json\/wp\/v2\/product\/15393","targetHints":{"allow":["GET"]}}],"collection":[{"href":"https:\/\/www.mediclinics.com\/es-la\/wp-json\/wp\/v2\/product"}],"about":[{"href":"https:\/\/www.mediclinics.com\/es-la\/wp-json\/wp\/v2\/types\/product"}],"replies":[{"embeddable":true,"href":"https:\/\/www.mediclinics.com\/es-la\/wp-json\/wp\/v2\/comments?post=15393"}],"wp:featuredmedia":[{"embeddable":true,"href":"https:\/\/www.mediclinics.com\/es-la\/wp-json\/wp\/v2\/media\/15395"}],"wp:attachment":[{"href":"https:\/\/www.mediclinics.com\/es-la\/wp-json\/wp\/v2\/media?parent=15393"}],"wp:term":[{"taxonomy":"coleccion","embeddable":true,"href":"https:\/\/www.mediclinics.com\/es-la\/wp-json\/wp\/v2\/coleccion?post=15393"},{"taxonomy":"product_brand","embeddable":true,"href":"https:\/\/www.mediclinics.com\/es-la\/wp-json\/wp\/v2\/product_brand?post=15393"},{"taxonomy":"product_cat","embeddable":true,"href":"https:\/\/www.mediclinics.com\/es-la\/wp-json\/wp\/v2\/product_cat?post=15393"},{"taxonomy":"product_tag","embeddable":true,"href":"https:\/\/www.mediclinics.com\/es-la\/wp-json\/wp\/v2\/product_tag?post=15393"}],"curies":[{"name":"wp","href":"https:\/\/api.w.org\/{rel}","templated":true}]}}