{"id":15418,"date":"2025-10-15T14:34:25","date_gmt":"2025-10-15T12:34:25","guid":{"rendered":"https:\/\/www2.mediclinics.com\/product\/barra-de-apoyo-con-angulo-a-2-paredes-y-3-puntos-de-anclaje-2\/"},"modified":"2026-01-09T06:10:38","modified_gmt":"2026-01-09T05:10:38","slug":"barra-apoyo-angulo-2-paredes-3-puntos-anclaje-2","status":"publish","type":"product","link":"https:\/\/www.mediclinics.com\/es-la\/barras-apoyo\/acero-inoxidable\/barra-apoyo-angulo-2-paredes-3-puntos-anclaje-2\/","title":{"rendered":"Barra de apoyo con \u00e1ngulo a 2 paredes y 3 puntos de anclaje"},"content":{"rendered":"<p>Barra de apoyo de \u00e1ngulo a dos paredes, de tres brazos con 3 puntos de anclaje a la pared y con flor\u00f3n.<\/p>\n<p>\u2022 Fabricada con acero inoxidable AISI 304, para inodoros y duchas.<br \/>\n\u2022 Indicada para ba\u00f1os accesibles y lavabos para personas mayores o con movilidad reducida.<br \/>\n\u2022 Fabricada en acero inoxidable AISI 304, esta barra es duradera, resistente a la oxidaci\u00f3n y apta para colectividades.<br \/>\n\u2022 La torniller\u00eda queda oculta bajo tres florones, realzando la est\u00e9tica de la barra tras su instalaci\u00f3n.<br \/>\n\u2022 La barra incluye un kit opcional de aislamiento el\u00e9ctrico (c\u00f3digo KA0020) y se suministra con tornillos y tacos para instalaci\u00f3n en pared de ladrillo.<\/p>\n","protected":false},"excerpt":{"rendered":"<p>Barra de apoyo de \u00e1ngulo a dos paredes, de tres brazos con 3 puntos de anclaje a la pared, fabricada con acero inoxidable AISI 304<\/p>\n","protected":false},"featured_media":15420,"comment_status":"closed","ping_status":"closed","template":"","meta":{"_acf_changed":false},"coleccion":[],"product_brand":[],"product_cat":[865,858],"product_tag":[866],"class_list":{"0":"post-15418","1":"product","2":"type-product","3":"status-publish","4":"has-post-thumbnail","6":"mercado-internacional","7":"product_cat-acero-inoxidable","8":"product_cat-barras-apoyo","9":"product_tag-barras-a-pared","10":"mediclinics-boxed-content","12":"first","13":"instock","14":"product-type-simple"},"acf":[],"_links":{"self":[{"href":"https:\/\/www.mediclinics.com\/es-la\/wp-json\/wp\/v2\/product\/15418","targetHints":{"allow":["GET"]}}],"collection":[{"href":"https:\/\/www.mediclinics.com\/es-la\/wp-json\/wp\/v2\/product"}],"about":[{"href":"https:\/\/www.mediclinics.com\/es-la\/wp-json\/wp\/v2\/types\/product"}],"replies":[{"embeddable":true,"href":"https:\/\/www.mediclinics.com\/es-la\/wp-json\/wp\/v2\/comments?post=15418"}],"wp:featuredmedia":[{"embeddable":true,"href":"https:\/\/www.mediclinics.com\/es-la\/wp-json\/wp\/v2\/media\/15420"}],"wp:attachment":[{"href":"https:\/\/www.mediclinics.com\/es-la\/wp-json\/wp\/v2\/media?parent=15418"}],"wp:term":[{"taxonomy":"coleccion","embeddable":true,"href":"https:\/\/www.mediclinics.com\/es-la\/wp-json\/wp\/v2\/coleccion?post=15418"},{"taxonomy":"product_brand","embeddable":true,"href":"https:\/\/www.mediclinics.com\/es-la\/wp-json\/wp\/v2\/product_brand?post=15418"},{"taxonomy":"product_cat","embeddable":true,"href":"https:\/\/www.mediclinics.com\/es-la\/wp-json\/wp\/v2\/product_cat?post=15418"},{"taxonomy":"product_tag","embeddable":true,"href":"https:\/\/www.mediclinics.com\/es-la\/wp-json\/wp\/v2\/product_tag?post=15418"}],"curies":[{"name":"wp","href":"https:\/\/api.w.org\/{rel}","templated":true}]}}