{"id":15421,"date":"2025-10-15T14:34:25","date_gmt":"2025-10-15T12:34:25","guid":{"rendered":"https:\/\/www2.mediclinics.com\/product\/barra-de-apoyo-a-pared-con-3-puntos-de-anclaje-2\/"},"modified":"2026-01-09T06:10:38","modified_gmt":"2026-01-09T05:10:38","slug":"barra-apoyo-pared-3-puntos-anclaje-2","status":"publish","type":"product","link":"https:\/\/www.mediclinics.com\/es-la\/barras-apoyo\/acero-inoxidable\/barra-apoyo-pared-3-puntos-anclaje-2\/","title":{"rendered":"Barra de apoyo a pared con 3 puntos de anclaje"},"content":{"rendered":"<p>Barras de apoyo fijas de tres puntos de anclaje.<\/p>\n<p>\u2022 Tubo de acero inoxidable AISI 304 de 32 mm y 615 mm en \u201cU\u201d, con brazo lateral soldado a 90\u00b0 de 32 mm y 245 mm.<br \/>\n\u2022 Incorporan florones embellecedores de acero inoxidable AISI 304 que ocultan los tornillos y mejoran la est\u00e9tica tras la instalaci\u00f3n.<br \/>\n\u2022 Barras de apoyo que ofrecen soporte y comodidad, haciendo el ba\u00f1o m\u00e1s seguro para personas mayores o con movilidad reducida. Aptas para colectividades.<br \/>\n\u2022 Dise\u00f1adas para ba\u00f1os p\u00fablicos accesibles, con m\u00e1xima durabilidad y resistencia a la oxidaci\u00f3n.<br \/>\n\u2022 Opcionalmente, pueden aislarse el\u00e9ctricamente con el kit KA0020. Incluyen kit para fijaci\u00f3n en pared de ladrillo.<\/p>\n","protected":false},"excerpt":{"rendered":"<p>Barra fija en \u201cU\u201d con brazo lateral, acero AISI 304, tres anclajes.<\/p>\n","protected":false},"featured_media":15423,"comment_status":"closed","ping_status":"closed","template":"","meta":{"_acf_changed":false},"coleccion":[],"product_brand":[],"product_cat":[865,858],"product_tag":[866],"class_list":{"0":"post-15421","1":"product","2":"type-product","3":"status-publish","4":"has-post-thumbnail","6":"mercado-internacional","7":"product_cat-acero-inoxidable","8":"product_cat-barras-apoyo","9":"product_tag-barras-a-pared","10":"mediclinics-boxed-content","12":"first","13":"instock","14":"product-type-variable"},"acf":[],"_links":{"self":[{"href":"https:\/\/www.mediclinics.com\/es-la\/wp-json\/wp\/v2\/product\/15421","targetHints":{"allow":["GET"]}}],"collection":[{"href":"https:\/\/www.mediclinics.com\/es-la\/wp-json\/wp\/v2\/product"}],"about":[{"href":"https:\/\/www.mediclinics.com\/es-la\/wp-json\/wp\/v2\/types\/product"}],"replies":[{"embeddable":true,"href":"https:\/\/www.mediclinics.com\/es-la\/wp-json\/wp\/v2\/comments?post=15421"}],"wp:featuredmedia":[{"embeddable":true,"href":"https:\/\/www.mediclinics.com\/es-la\/wp-json\/wp\/v2\/media\/15423"}],"wp:attachment":[{"href":"https:\/\/www.mediclinics.com\/es-la\/wp-json\/wp\/v2\/media?parent=15421"}],"wp:term":[{"taxonomy":"coleccion","embeddable":true,"href":"https:\/\/www.mediclinics.com\/es-la\/wp-json\/wp\/v2\/coleccion?post=15421"},{"taxonomy":"product_brand","embeddable":true,"href":"https:\/\/www.mediclinics.com\/es-la\/wp-json\/wp\/v2\/product_brand?post=15421"},{"taxonomy":"product_cat","embeddable":true,"href":"https:\/\/www.mediclinics.com\/es-la\/wp-json\/wp\/v2\/product_cat?post=15421"},{"taxonomy":"product_tag","embeddable":true,"href":"https:\/\/www.mediclinics.com\/es-la\/wp-json\/wp\/v2\/product_tag?post=15421"}],"curies":[{"name":"wp","href":"https:\/\/api.w.org\/{rel}","templated":true}]}}