{"id":15428,"date":"2025-10-15T14:34:25","date_gmt":"2025-10-15T12:34:25","guid":{"rendered":"https:\/\/www2.mediclinics.com\/product\/barra-de-apoyo-2-paredes-y-3-puntos-de-anclaje-2\/"},"modified":"2026-01-09T06:10:38","modified_gmt":"2026-01-09T05:10:38","slug":"barra-apoyo-2-paredes-3-puntos-anclaje-2","status":"publish","type":"product","link":"https:\/\/www.mediclinics.com\/es-la\/barras-apoyo\/acero-inoxidable\/barra-apoyo-2-paredes-3-puntos-anclaje-2\/","title":{"rendered":"Barra de apoyo 2 paredes y 3 puntos de anclaje"},"content":{"rendered":"<p>Barra de apoyo horizontal de 90\u00ba pared-pared, con tres puntos de anclaje y con florones.<\/p>\n<p>\u2022 Fabricada en acero inoxidable AISI 304, tubo doblado en \u201cL\u201d a 90\u00ba con lados de 796 mm y 801 mm.<br \/>\n\u2022 Barra dise\u00f1ada para ba\u00f1os accesibles, ideal para personas mayores o con movilidad reducida. Apta para colectividades.<br \/>\n\u2022 Fabricada en acero inoxidable AISI 304, esta barra es duradera y resistente a la oxidaci\u00f3n.<br \/>\n\u2022 Cuenta con tres florones que ocultan la torniller\u00eda, mejorando su est\u00e9tica tras la instalaci\u00f3n.<br \/>\n\u2022 Opcionalmente, pueden aislarse el\u00e9ctricamente con el kit KA0020. Se suministra con torniller\u00eda para fijaci\u00f3n en pared de ladrillo.<\/p>\n","protected":false},"excerpt":{"rendered":"<p>Barra horizontal a dos paredes en \u00e1ngulo de 90\u00b0, en acero inoxidable AISI 304<\/p>\n","protected":false},"featured_media":15430,"comment_status":"closed","ping_status":"closed","template":"","meta":{"_acf_changed":false},"coleccion":[],"product_brand":[],"product_cat":[865,858],"product_tag":[866],"class_list":{"0":"post-15428","1":"product","2":"type-product","3":"status-publish","4":"has-post-thumbnail","6":"mercado-internacional","7":"product_cat-acero-inoxidable","8":"product_cat-barras-apoyo","9":"product_tag-barras-a-pared","10":"mediclinics-boxed-content","12":"first","13":"instock","14":"product-type-variable"},"acf":[],"_links":{"self":[{"href":"https:\/\/www.mediclinics.com\/es-la\/wp-json\/wp\/v2\/product\/15428","targetHints":{"allow":["GET"]}}],"collection":[{"href":"https:\/\/www.mediclinics.com\/es-la\/wp-json\/wp\/v2\/product"}],"about":[{"href":"https:\/\/www.mediclinics.com\/es-la\/wp-json\/wp\/v2\/types\/product"}],"replies":[{"embeddable":true,"href":"https:\/\/www.mediclinics.com\/es-la\/wp-json\/wp\/v2\/comments?post=15428"}],"wp:featuredmedia":[{"embeddable":true,"href":"https:\/\/www.mediclinics.com\/es-la\/wp-json\/wp\/v2\/media\/15430"}],"wp:attachment":[{"href":"https:\/\/www.mediclinics.com\/es-la\/wp-json\/wp\/v2\/media?parent=15428"}],"wp:term":[{"taxonomy":"coleccion","embeddable":true,"href":"https:\/\/www.mediclinics.com\/es-la\/wp-json\/wp\/v2\/coleccion?post=15428"},{"taxonomy":"product_brand","embeddable":true,"href":"https:\/\/www.mediclinics.com\/es-la\/wp-json\/wp\/v2\/product_brand?post=15428"},{"taxonomy":"product_cat","embeddable":true,"href":"https:\/\/www.mediclinics.com\/es-la\/wp-json\/wp\/v2\/product_cat?post=15428"},{"taxonomy":"product_tag","embeddable":true,"href":"https:\/\/www.mediclinics.com\/es-la\/wp-json\/wp\/v2\/product_tag?post=15428"}],"curies":[{"name":"wp","href":"https:\/\/api.w.org\/{rel}","templated":true}]}}