{"id":15435,"date":"2025-10-15T14:34:25","date_gmt":"2025-10-15T12:34:25","guid":{"rendered":"https:\/\/www2.mediclinics.com\/product\/barra-de-apoyo-con-angulo-de-130o-2\/"},"modified":"2026-01-09T06:10:39","modified_gmt":"2026-01-09T05:10:39","slug":"barra-apoyo-angulo-130o-2","status":"publish","type":"product","link":"https:\/\/www.mediclinics.com\/es-la\/barras-apoyo\/acero-inoxidable\/barra-apoyo-angulo-130o-2\/","title":{"rendered":"Barra de apoyo con \u00e1ngulo de 130\u00ba"},"content":{"rendered":"<p>Barra de apoyo en \u00e1ngulo de 130\u00ba, fabricada en acero o acero inoxidable AISI 304, para aseos adaptados.<\/p>\n<p>\u2022 Adecuada para lavabos espec\u00edficos para personas de edad avanzada o con movilidad reducida.<br \/>\n\u2022 Indicada para conseguir ba\u00f1os y recintos p\u00fablicos sin barreras arquitect\u00f3nicas de accesibilidad.<br \/>\n\u2022 Modelo apto para colectividades.<br \/>\n\u2022 M\u00e1xima durabilidad y resistencia a la oxidaci\u00f3n.<br \/>\n\u2022 Torniller\u00eda para pared de ladrillo de acero inoxidable incluida.<\/p>\n","protected":false},"excerpt":{"rendered":"<p>Barra de apoyo en \u00e1ngulo de 130, fabricada en acero inoxidable AISI 304<\/p>\n","protected":false},"featured_media":15437,"comment_status":"closed","ping_status":"closed","template":"","meta":{"_acf_changed":false},"coleccion":[],"product_brand":[],"product_cat":[865,858],"product_tag":[867],"class_list":{"0":"post-15435","1":"product","2":"type-product","3":"status-publish","4":"has-post-thumbnail","6":"mercado-internacional","7":"product_cat-acero-inoxidable","8":"product_cat-barras-apoyo","9":"product_tag-barras-angulares","10":"mediclinics-boxed-content","12":"first","13":"instock","14":"product-type-variable"},"acf":[],"_links":{"self":[{"href":"https:\/\/www.mediclinics.com\/es-la\/wp-json\/wp\/v2\/product\/15435","targetHints":{"allow":["GET"]}}],"collection":[{"href":"https:\/\/www.mediclinics.com\/es-la\/wp-json\/wp\/v2\/product"}],"about":[{"href":"https:\/\/www.mediclinics.com\/es-la\/wp-json\/wp\/v2\/types\/product"}],"replies":[{"embeddable":true,"href":"https:\/\/www.mediclinics.com\/es-la\/wp-json\/wp\/v2\/comments?post=15435"}],"wp:featuredmedia":[{"embeddable":true,"href":"https:\/\/www.mediclinics.com\/es-la\/wp-json\/wp\/v2\/media\/15437"}],"wp:attachment":[{"href":"https:\/\/www.mediclinics.com\/es-la\/wp-json\/wp\/v2\/media?parent=15435"}],"wp:term":[{"taxonomy":"coleccion","embeddable":true,"href":"https:\/\/www.mediclinics.com\/es-la\/wp-json\/wp\/v2\/coleccion?post=15435"},{"taxonomy":"product_brand","embeddable":true,"href":"https:\/\/www.mediclinics.com\/es-la\/wp-json\/wp\/v2\/product_brand?post=15435"},{"taxonomy":"product_cat","embeddable":true,"href":"https:\/\/www.mediclinics.com\/es-la\/wp-json\/wp\/v2\/product_cat?post=15435"},{"taxonomy":"product_tag","embeddable":true,"href":"https:\/\/www.mediclinics.com\/es-la\/wp-json\/wp\/v2\/product_tag?post=15435"}],"curies":[{"name":"wp","href":"https:\/\/api.w.org\/{rel}","templated":true}]}}